{"id":99,"date":"2010-05-05T19:43:42","date_gmt":"2010-05-05T17:43:42","guid":{"rendered":"http:\/\/www.sudouest-ie.fr\/?page_id=99"},"modified":"2010-05-05T21:51:57","modified_gmt":"2010-05-05T19:51:57","slug":"ingenierie-specifique","status":"publish","type":"page","link":"https:\/\/soie.elidee.dev\/?page_id=99","title":{"rendered":"Ing\u00e9nierie Sp\u00e9cifique"},"content":{"rendered":"<p><strong>Expertise en \u00a0<font color=\"#000080\">Ing\u00e9nierie Financi\u00e8re\u00a0<\/font>\/\u00a0\u00a0\u00a0\u00a0\u00a0\u00a0\u00a0\u00a0\u00a0\u00a0\u00a0\u00a0\u00a0\u00a0\u00a0\u00a0\u00a0\u00a0\u00a0\u00a0\u00a0\u00a0\u00a0\u00a0\u00a0\u00a0\u00a0\u00a0\u00a0\u00a0\u00a0\u00a0\u00a0\u00a0\u00a0\u00a0\u00a0\u00a0 <a target=\"_blank\" href=\"http:\/\/www.sudouest-ie.fr\/?p=97\">d\u00e9tail \/ contact<\/a><\/strong><\/p>\n<ul>\n<li><strong>Mandat ad-hoc, conciliation<\/strong>\u2026,\u00a0 <strong>Assistance Technique au dirigeant, accompagnement n\u00e9gociation<\/strong> tiers ext\u00e9rieurs entreprise\u2026<\/li>\n<li><strong>Etude de faisabilit\u00e9 \u00e9conomique et financi\u00e8re sur proje<\/strong>ts (investissement, red\u00e9ploiement, d\u00e9m\u00e9nagement\u2026)<\/li>\n<li><strong>Obtention de ressources<\/strong> financi\u00e8res (subventions, avances remboursables, pr\u00eats, apr\u00e8s faisabilit\u00e9 du projet)<\/li>\n<li><strong>Ing\u00e9nierie financi\u00e8re<\/strong> <strong>(regroupement d\u2019entreprise, structuration holding, gestion de projet \u2026)<\/strong><\/li>\n<li><strong>Accompagnement Transmission \/ Reprise d\u2019entreprise \u2026.<\/strong><\/li>\n<li><strong>Analyse financi\u00e8re<\/strong>, \u00e9laboration d\u2019outils de <strong>tableaux de gestions financi\u00e8res<\/strong> (ad hoc )<\/li>\n<\/ul>\n<p><strong>Expertise en \u00a0<font color=\"#000080\">Ing\u00e9nierie Sociale<\/font> \/\u00a0\u00a0\u00a0\u00a0\u00a0\u00a0\u00a0\u00a0\u00a0\u00a0\u00a0\u00a0\u00a0\u00a0\u00a0\u00a0\u00a0\u00a0\u00a0\u00a0\u00a0\u00a0\u00a0\u00a0\u00a0\u00a0\u00a0\u00a0\u00a0\u00a0\u00a0\u00a0\u00a0\u00a0\u00a0\u00a0\u00a0\u00a0\u00a0\u00a0\u00a0\u00a0\u00a0\u00a0 <a target=\"_blank\" href=\"http:\/\/www.sudouest-ie.fr\/?p=97\">d\u00e9tail \/ contact<\/a><\/strong><\/p>\n<ul>\n<li><strong>Gestion de la Mobilit\u00e9<\/strong> interne et\/ou externe, suivi des <strong>mesures de Reclassement.<\/strong><\/li>\n<li><strong>Accompagnement du Plan de Restructuration<\/strong> : GPEC, licenciements, recrutements,\u00a0<strong>Am\u00e9nagement du Temps de Travail<\/strong>.<\/li>\n<li>Aide \u00e0 la <strong>Gestion des Conflits Sociaux<\/strong> (techniques de la M\u00e9diation): Ad\u00e9quation et optimisation Profil-Poste<\/li>\n<li><strong>Outplacement<\/strong> <strong>Collectif et\/ou Individuel<\/strong> :\u00a0 \u00e9valuation des\u00a0 comp\u00e9tences,\u00a0Groupes &amp; Cercles de recherche d\u2019emploi<\/li>\n<li>Aide \u00e0 la <strong>Transmission et \u00e0 la Reprise<\/strong> d\u2019Entreprise\u00a0sur\u00a0<strong>dimension humaine et sociale<\/strong> &#8230;\u00a0<\/li>\n<li><strong>Analyse Strat\u00e9gique R.H.<\/strong>\u00a0 : Conception, validation et mise en place de <strong>Syst\u00e8mes d\u2019Int\u00e9ressement<\/strong>.<\/li>\n<\/ul>\n<p><strong>Expertise en \u00a0<font color=\"#000080\">Ing\u00e9nierie Economique<\/font> \/\u00a0\u00a0\u00a0\u00a0\u00a0\u00a0\u00a0\u00a0\u00a0\u00a0\u00a0\u00a0\u00a0\u00a0\u00a0\u00a0\u00a0\u00a0\u00a0\u00a0\u00a0\u00a0\u00a0\u00a0\u00a0\u00a0\u00a0\u00a0\u00a0\u00a0\u00a0\u00a0\u00a0\u00a0\u00a0\u00a0\u00a0\u00a0\u00a0<a target=\"_blank\" href=\"http:\/\/www.sudouest-ie.fr\/?p=97\">d\u00e9tail \/ contact<\/a>\u00a0\u00a0\u00a0\u00a0\u00a0\u00a0\u00a0\u00a0\u00a0\u00a0\u00a0\u00a0\u00a0\u00a0\u00a0\u00a0\u00a0\u00a0\u00a0\u00a0\u00a0\u00a0\u00a0\u00a0\u00a0\u00a0\u00a0\u00a0\u00a0\u00a0\u00a0\u00a0\u00a0\u00a0\u00a0\u00a0\u00a0\u00a0\u00a0\u00a0\u00a0\u00a0\u00a0\u00a0\u00a0\u00a0\u00a0\u00a0\u00a0\u00a0\u00a0\u00a0\u00a0\u00a0\u00a0\u00a0\u00a0\u00a0\u00a0\u00a0\u00a0\u00a0\u00a0\u00a0\u00a0<\/strong><\/p>\n<ul>\n<li><strong>validation de la pertinence \u00e9conomique du projet<\/strong> de repositionnement, reprise \u2013transmission<strong>.<\/strong><\/li>\n<li><strong>intelligence \u00e9conomique et marketing industriel\u00a0 <\/strong>pour acc\u00e9der \u00e0<strong> l\u2019information sensible manquante <\/strong><\/li>\n<li><strong>\u00a0s\u00e9curisation\u00a0des \u00a0projets de d\u00e9veloppements strat\u00e9giques.<\/strong><\/li>\n<\/ul>\n","protected":false},"excerpt":{"rendered":"<p>Expertise en \u00a0Ing\u00e9nierie Financi\u00e8re\u00a0\/\u00a0\u00a0\u00a0\u00a0\u00a0\u00a0\u00a0\u00a0\u00a0\u00a0\u00a0\u00a0\u00a0\u00a0\u00a0\u00a0\u00a0\u00a0\u00a0\u00a0\u00a0\u00a0\u00a0\u00a0\u00a0\u00a0\u00a0\u00a0\u00a0\u00a0\u00a0\u00a0\u00a0\u00a0\u00a0\u00a0\u00a0\u00a0 d\u00e9tail \/ contact Mandat ad-hoc, conciliation\u2026,\u00a0 Assistance Technique au dirigeant, accompagnement n\u00e9gociation tiers ext\u00e9rieurs entreprise\u2026 Etude de faisabilit\u00e9 \u00e9conomique et financi\u00e8re sur projets (investissement, red\u00e9ploiement, d\u00e9m\u00e9nagement\u2026) Obtention de ressources financi\u00e8res (subventions, avances remboursables, pr\u00eats, apr\u00e8s faisabilit\u00e9 du projet) Ing\u00e9nierie financi\u00e8re (regroupement d\u2019entreprise, structuration holding, gestion de projet \u2026) Accompagnement Transmission \/ [&hellip;]<\/p>\n","protected":false},"author":1,"featured_media":0,"parent":4,"menu_order":2,"comment_status":"open","ping_status":"open","template":"","meta":{"footnotes":""},"_links":{"self":[{"href":"https:\/\/soie.elidee.dev\/index.php?rest_route=\/wp\/v2\/pages\/99"}],"collection":[{"href":"https:\/\/soie.elidee.dev\/index.php?rest_route=\/wp\/v2\/pages"}],"about":[{"href":"https:\/\/soie.elidee.dev\/index.php?rest_route=\/wp\/v2\/types\/page"}],"author":[{"embeddable":true,"href":"https:\/\/soie.elidee.dev\/index.php?rest_route=\/wp\/v2\/users\/1"}],"replies":[{"embeddable":true,"href":"https:\/\/soie.elidee.dev\/index.php?rest_route=%2Fwp%2Fv2%2Fcomments&post=99"}],"version-history":[{"count":0,"href":"https:\/\/soie.elidee.dev\/index.php?rest_route=\/wp\/v2\/pages\/99\/revisions"}],"up":[{"embeddable":true,"href":"https:\/\/soie.elidee.dev\/index.php?rest_route=\/wp\/v2\/pages\/4"}],"wp:attachment":[{"href":"https:\/\/soie.elidee.dev\/index.php?rest_route=%2Fwp%2Fv2%2Fmedia&parent=99"}],"curies":[{"name":"wp","href":"https:\/\/api.w.org\/{rel}","templated":true}]}}