{"id":4,"date":"2007-10-10T11:22:14","date_gmt":"2007-10-10T09:22:14","guid":{"rendered":"http:\/\/web84.javanais.net\/?page_id=4"},"modified":"2013-11-22T13:10:58","modified_gmt":"2013-11-22T11:10:58","slug":"presentation","status":"publish","type":"page","link":"https:\/\/soie.elidee.dev\/?page_id=4","title":{"rendered":"[lang_fr]Pr\u00e9sentation[\/lang_fr][lang_en]About us[\/lang_en]"},"content":{"rendered":"<p><strong><font color=\"#000080\"><img loading=\"lazy\" decoding=\"async\" src=\"http:\/\/www.sudouest-ie.fr\/wp-admin\/\" height=\"1\" width=\"1\" border=\"0\" \/>[lang_fr]<\/font><\/strong><\/p>\n<p><img decoding=\"async\" src=\"\/wp-content\/ampoule2.gif\" \/><\/p>\n<p><font color=\"#000080\"><strong>A l&rsquo;initiative de la marque Sud-Ouest intelligence \u00e9conomique \u00ae,<font color=\"#000000\"> <\/font><strong><font color=\"#000080\">B\u00e9atrice Rivalier<br \/>\n<\/font><\/strong><\/strong><\/font><font color=\"#000000\">De formation ing\u00e9nieur compl\u00e9t\u00e9e par du <strong>management \u00e0 l&rsquo;Ecole Centrale de Paris<\/strong>, elle est successivement :<\/font><\/p>\n<ul>\n<li><font color=\"#000000\">consultante au sein de l&rsquo;\u00e9quipe de CM International (Paris) et intervenant aupr\u00e8s des entreprises industrielles, de haute technologie et des pouvoirs publics fran\u00e7ais ou europ\u00e9ens.<\/font><\/li>\n<li><font color=\"#000000\">responsable marketing sur un produit d&rsquo;optimisation du sciage dans une PME aquitaine (ing\u00e9nierie -secteur bois).<\/font><\/li>\n<li><font color=\"#000000\">charg\u00e9e de mission veille strat\u00e9gique \u00e0 l&rsquo;Agence Aquitaine de D\u00e9veloppement Industriel (2ADI).<\/font><\/li>\n<\/ul>\n<p><font color=\"#000000\">Ses domaines d&rsquo;intervention sont:<\/font><\/p>\n<ul>\n<li><font color=\"#000000\"><strong>conseil en intelligence \u00e9conomique et strat\u00e9gique<\/strong> (<a href=\"http:\/\/www.fepie.fr\/site\/index.php?option=com_content&amp;view=article&amp;id=76&amp;Itemid=49\" target=\"_blank\">a<\/a><\/font><font color=\"#000000\"><a href=\"http:\/\/www.fepie.fr\/site\/index.php?option=com_content&amp;view=article&amp;id=76&amp;Itemid=49\" target=\"_blank\">cc\u00e8s \u00e0 la fiche fonction<\/a><\/font><font color=\"#000000\">)<\/font><\/li>\n<li><font color=\"#000000\"><strong>marketing sur\u00a0tr\u00e9s\u00a0large gamme<\/strong>\u00a0 : marketing strat\u00e9gique, marketing amont \u00e0 l&rsquo;innovation, marketing mix, marketing op\u00e9rationnel et accompagnement commercial, distribution, communication, salon\u00a0&#8230;<\/font><\/li>\n<li><font color=\"#000000\"><strong>ing\u00e9nierie du d\u00e9veloppement \u00e9conomique<\/strong>, strat\u00e9gie de territoire, \u00e9valuation, &#8230; aupr\u00e8s des d\u00e9cideurs publics (\u00e9lus ou d\u00e9veloppeur)<\/font><\/li>\n<\/ul>\n<p><font color=\"#000000\"><strong>Membre agr\u00e9e<\/strong> de la<span> F\u00e9d\u00e9ration des Professionnels de l&rsquo;Intelligence Economique et <strong>D\u00e9l\u00e9gu\u00e9e r\u00e9gionale pour<\/strong> <strong>l&rsquo;Aquitaine<\/strong><\/span><strong> <\/strong><\/font><a href=\"http:\/\/www.fepie.fr\/site\/\" target=\"_blank\"><font color=\"#000000\"><strong><img loading=\"lazy\" decoding=\"async\" src=\"http:\/\/web84.javanais.net\/wp-content\/fepie.jpg\" style=\"width: 83px; height: 34px\" height=\"25\" width=\"75\" align=\"right\" \/><\/strong><\/font><\/a><font color=\"#000080\"><font color=\"#000080\"><v:rect id=\"_x0000_s1025\" style=\"z-index: 1; left: 242.12pt; width: 707.25pt; position: absolute; top: 233.77pt; height: 375.75pt\" o:cliptowrap=\"t\" insetpen=\"t\" strokecolor=\"black [0]\" stroked=\"f\" fillcolor=\"white [7]\" filled=\"f\" o:preferrelative=\"t\"><strong><v:fill color2=\"white [7]\"><\/v:fill><v:stroke color2=\"white [7]\"><o:left color2=\"white [7]\" color=\"black [0]\" v:ext=\"view\"><\/o:left><o:top color2=\"white [7]\" color=\"black [0]\" v:ext=\"view\"><\/o:top><o:right color2=\"white [7]\" color=\"black [0]\" v:ext=\"view\"><\/o:right><o:bottom color2=\"white [7]\" color=\"black [0]\" v:ext=\"view\"><\/o:bottom><o:column color2=\"white [7]\" color=\"black [0]\" v:ext=\"view\"><\/o:column><\/v:stroke><v:imagedata><\/v:imagedata><v:shadow color=\"#ccc [4]\"><\/v:shadow><v:path o:extrusionok=\"f\"><\/v:path><o:lock v:ext=\"edit\" aspectratio=\"t\"><\/o:lock><\/strong><\/v:rect><\/font><\/font><\/p>\n<p><font color=\"#000080\"><font color=\"#000080\"><br \/>\n<strong><font color=\"#333333\">SO<\/font>ie \u00ae est un groupement\u00a0de <a href=\"http:\/\/www.sudouest-ie.fr\/?page_id=18http:\/\/\" target=\"_blank\">s<u>p\u00e9cialistes de l&rsquo;Intelligence Economique<\/u> <\/a>et de <u><a href=\"http:\/\/www.sudouest-ie.fr\/?p=97\" target=\"_blank\">l&rsquo;Ing\u00e9nierie Sp\u00e9cifique<\/a>.<\/u> Cr\u00e9e en 2005, il rassemble <u>10 professionnels<\/u> de l&rsquo;accompagnement des dirigeants d&rsquo;entreprises.<\/strong><strong><font color=\"#000080\"> <\/font><\/strong><font color=\"#000080\"><font color=\"#000080\"><font color=\"#000080\"><font color=\"#000080\"><font color=\"#000080\"><font color=\"#000080\"><font color=\"#000000\">Tous compl\u00e9mentaires, ils partagent\u00a0cette marque pour vous servir sur l&rsquo;ensemble de vos probl\u00e9matiques tout au long de votre d\u00e9veloppement pour que vous n&rsquo;ayez qu&rsquo;un partenaire unique (et sans marge empil\u00e9e!)<\/font><\/font><font color=\"#000080\">\u00a0<\/font><font color=\"#000080\"><font color=\"#000000\">\u00a0<\/font><\/font><\/font><\/font><\/font><\/font><\/font><font color=\"#000080\"><font color=\"#000080\"><font color=\"#000080\"><font color=\"#000080\"><strong>[lang_en]<\/strong><\/font><\/font><font color=\"#000080\"> <\/font><font color=\"#000080\"><img decoding=\"async\" src=\"http:\/\/www.sudouest-ie.fr\/wp-content\/ampoule2-en.gif\" \/><\/font><\/font><\/font><\/font><\/font><font color=\"#000080\"><font color=\"#000080\"> <\/font><\/font><font color=\"#000080\"><font color=\"#000080\"><font color=\"#000080\"><font color=\"#000080\"><strong><font color=\"#000000\">Beatrice Rivalier is the founder of Sud-Ouest intelligence \u00e9conomique.<\/font><\/strong><\/font><\/font><font color=\"#000080\"> <\/font><font color=\"#000080\"><font color=\"#000080\"><font color=\"#000000\"><strong>She is an engineer and holds also a Master\u2019s degree of ECP, <\/strong><a href=\"http:\/\/www.ecp.fr\/index_html_en\" target=\"_blank\"><strong>Ecole Centrale de Paris <\/strong><\/a>(may-be the best French engineering school)<\/font><\/font><\/font><\/font><\/font><font color=\"#000080\"><font color=\"#000080\"> <\/font><\/font><font color=\"#000080\"><font color=\"#000080\"><font color=\"#000080\"><font color=\"#000080\"><font color=\"#000000\">She began her career on the <strong>ECP consulting team where she specialised in strategy, marketing, and business intelligence for major industrial companies and high-tech SMEs (B to B). <\/strong>She also worked for different policies makers (EU, French State and agencies, Regional or Local structures) where she assessed and built their public policies (innovation, industrial research, economical development)<\/font><\/font><font color=\"#000080\"><strong> <\/strong><\/font><\/font><\/font><\/font><font color=\"#000080\"><font color=\"#000080\"><font color=\"#000080\"><font color=\"#000080\"><font color=\"#000000\"><strong>Then<\/strong> she worked in an engineering company specialised in lumber industry as a<strong> Marketing Manager<\/strong> for an optimised scanner sawing system\u00a0 <\/font><\/font><\/font><font color=\"#000080\"><font color=\"#000080\"><font color=\"#000000\"><strong>Then as Business intelligence Manager at a regional development agency. <\/strong><\/font><\/font><\/font><font color=\"#000080\"><font color=\"#000080\"><font color=\"#000000\"><strong>In 2004 she launched her own consulting company. <\/strong><\/font><\/font><\/font><\/font><\/font><font color=\"#000080\"><font color=\"#000080\"><font color=\"#000080\"><font color=\"#000080\"><font color=\"#000000\">Beatrice Rivalier is a <strong>certified member of the French Federation of Business Intelligence Professionals<\/strong> (F\u00e9d\u00e9ration des Professionnels de l\u2019Intelligence Economique) when attests to her confidentially, business ethics and consultancy quality.<br \/>\n<strong>\u00a0<\/strong><\/font><\/font><\/font><font color=\"#000080\"><font color=\"#000080\"><font color=\"#000000\"><strong>Her international culture<\/strong> as an expatriate in Africa and Germany as well business in approximately 15 countries throughout Europe, America and Japan have given her an<strong> extra edge on the French market.<\/strong><\/font><\/font><\/font><\/font><\/font><\/p>\n","protected":false},"excerpt":{"rendered":"<p>[lang_fr] A l&rsquo;initiative de la marque Sud-Ouest intelligence \u00e9conomique \u00ae, B\u00e9atrice Rivalier De formation ing\u00e9nieur compl\u00e9t\u00e9e par du management \u00e0 l&rsquo;Ecole Centrale de Paris, elle est successivement : consultante au sein de l&rsquo;\u00e9quipe de CM International (Paris) et intervenant aupr\u00e8s des entreprises industrielles, de haute technologie et des pouvoirs publics fran\u00e7ais ou europ\u00e9ens. responsable marketing [&hellip;]<\/p>\n","protected":false},"author":1,"featured_media":0,"parent":0,"menu_order":2,"comment_status":"open","ping_status":"open","template":"","meta":{"footnotes":""},"_links":{"self":[{"href":"https:\/\/soie.elidee.dev\/index.php?rest_route=\/wp\/v2\/pages\/4"}],"collection":[{"href":"https:\/\/soie.elidee.dev\/index.php?rest_route=\/wp\/v2\/pages"}],"about":[{"href":"https:\/\/soie.elidee.dev\/index.php?rest_route=\/wp\/v2\/types\/page"}],"author":[{"embeddable":true,"href":"https:\/\/soie.elidee.dev\/index.php?rest_route=\/wp\/v2\/users\/1"}],"replies":[{"embeddable":true,"href":"https:\/\/soie.elidee.dev\/index.php?rest_route=%2Fwp%2Fv2%2Fcomments&post=4"}],"version-history":[{"count":0,"href":"https:\/\/soie.elidee.dev\/index.php?rest_route=\/wp\/v2\/pages\/4\/revisions"}],"wp:attachment":[{"href":"https:\/\/soie.elidee.dev\/index.php?rest_route=%2Fwp%2Fv2%2Fmedia&parent=4"}],"curies":[{"name":"wp","href":"https:\/\/api.w.org\/{rel}","templated":true}]}}