{"id":24,"date":"2007-10-12T18:08:08","date_gmt":"2007-10-12T16:08:08","guid":{"rendered":"http:\/\/web84.javanais.net\/?page_id=24"},"modified":"2016-05-10T17:15:57","modified_gmt":"2016-05-10T15:15:57","slug":"contact","status":"publish","type":"page","link":"https:\/\/soie.elidee.dev\/?page_id=24","title":{"rendered":"[lang_fr]contact + journal Scoop-it [\/lang_fr] [lang_en] contact + Scoop-it journal[\/lang_en]"},"content":{"rendered":"<p><font color=\"#000080\"><strong><a href=\"http:\/\/web84.javanais.net\/wp-content\/soie.gif\"><\/a>[lang_fr]Vous l\u2019avez compris nous avons besoin d\u2019\u00e9changer de vive voix car votre entreprise (ou votre structure) et votre probl\u00e8me sont singuliers.\u00a0<\/strong><\/font><\/p>\n<p>Aussi pas de formulaire \u00e0 remplir. Nous vous incitons au contraire \u00e0 <strong>prendre contact directement<\/strong> par t\u00e9l\u00e9phone ou via un mail pour<\/p>\n<ol>\n<li>convenir d\u2019un <strong>premier moment d\u2019\u00e9change t\u00e9l\u00e9phonique<\/strong><\/li>\n<li>s\u2019organiser alors pour <strong>un rendez-vous<\/strong><\/li>\n<\/ol>\n<p><strong>B\u00e9atrice Rivalier, <\/strong>14 rue Franklin\u00a0 33 000 Bordeaux<br \/>\n<strong>05 56 79 29 74<br \/>\n06 08 95 41 97<br \/>\ncontact@sudouest-ie.fr<br \/>\n<\/strong><em>Afin d\u2019\u00e9viter les spams, l\u2019adresse e-mail n\u2019est pas active, merci de bien vouloir recopier notre adresse mail dans votre messagerie<\/em>.<\/p>\n<p><strong><font color=\"#000080\">N\u2019h\u00e9sitez pas; toutes les questions\u00a0m\u00e9ritent d&rsquo;\u00eatre pos\u00e9es !<\/font><\/strong><\/p>\n<p><iframe loading=\"lazy\" src=\"http:\/\/www.scoop.it\/t\/sud-ouest-intelligence-economique\/js?format=square&amp;numberOfPosts=3&amp;title=Sud-Ouest+intelligence+%C3%A9conomique&amp;speed=3&amp;mode=normal&amp;width=300\" width=\"300\" scrolling=\"no\" height=\"250\" frameborder=\"0\" align=\"middle\"><\/iframe><strong><font color=\"#000080\">[\/lang_fr]<\/font><\/strong><\/p>\n<p>[lang_en]To facilitate our contact and ensure the security of your project,<\/p>\n<ul>\n<li>First, contact our assistant in order to communicate your general needs. And schedule a phone appointment with our consultant.<\/li>\n<li>We will then send you a secret agreement\u00a0 within 24 hours.<\/li>\n<li>You will then have a secured phone meeting with our consultant<\/li>\n<li>In order to complete our offer there will certainly be need for an exchange of data \u2013questions before we make an agreement regarding our active role<\/li>\n<li>After which we can sign of the consulting contract, including our confidentiality agreement<\/li>\n<\/ul>\n<p>So please begin by contacting <strong>Stacey Bas<\/strong> at : <a href=\"mailto:contact@sudouest-ie.fr\">contact@sudouest-ie.fr<\/a> or 33 (0)6 82 19 23 64. In order to avoid spam this address is not active. Please copy it to your own electronic courier service<\/p>\n<p><strong><font color=\"#000080\">Don\u2019t hesitate to ask us for anything related to enhancing your business efficiency! We can always be of help!<\/font><\/strong><br \/>\n[\/lang_en]<\/p>\n<p><font color=\"#000080\"><font color=\"#000000\"><a href=\"http:\/\/web84.javanais.net\/wp-content\/soie.gif\"><\/a><\/font><\/font><\/p>\n","protected":false},"excerpt":{"rendered":"<p>[lang_fr]Vous l\u2019avez compris nous avons besoin d\u2019\u00e9changer de vive voix car votre entreprise (ou votre structure) et votre probl\u00e8me sont singuliers.\u00a0 Aussi pas de formulaire \u00e0 remplir. Nous vous incitons au contraire \u00e0 prendre contact directement par t\u00e9l\u00e9phone ou via un mail pour convenir d\u2019un premier moment d\u2019\u00e9change t\u00e9l\u00e9phonique s\u2019organiser alors pour un rendez-vous B\u00e9atrice [&hellip;]<\/p>\n","protected":false},"author":1,"featured_media":0,"parent":0,"menu_order":12,"comment_status":"open","ping_status":"open","template":"","meta":{"footnotes":""},"_links":{"self":[{"href":"https:\/\/soie.elidee.dev\/index.php?rest_route=\/wp\/v2\/pages\/24"}],"collection":[{"href":"https:\/\/soie.elidee.dev\/index.php?rest_route=\/wp\/v2\/pages"}],"about":[{"href":"https:\/\/soie.elidee.dev\/index.php?rest_route=\/wp\/v2\/types\/page"}],"author":[{"embeddable":true,"href":"https:\/\/soie.elidee.dev\/index.php?rest_route=\/wp\/v2\/users\/1"}],"replies":[{"embeddable":true,"href":"https:\/\/soie.elidee.dev\/index.php?rest_route=%2Fwp%2Fv2%2Fcomments&post=24"}],"version-history":[{"count":0,"href":"https:\/\/soie.elidee.dev\/index.php?rest_route=\/wp\/v2\/pages\/24\/revisions"}],"wp:attachment":[{"href":"https:\/\/soie.elidee.dev\/index.php?rest_route=%2Fwp%2Fv2%2Fmedia&parent=24"}],"curies":[{"name":"wp","href":"https:\/\/api.w.org\/{rel}","templated":true}]}}