{"id":23,"date":"2007-10-12T18:03:03","date_gmt":"2007-10-12T16:03:03","guid":{"rendered":"http:\/\/web84.javanais.net\/?page_id=23"},"modified":"2017-04-21T19:14:44","modified_gmt":"2017-04-21T17:14:44","slug":"actualites","status":"publish","type":"page","link":"https:\/\/soie.elidee.dev\/?page_id=23","title":{"rendered":"[lang_fr]actualit\u00e9s missions[\/lang_fr] [lang_en] some news[\/lang_en]"},"content":{"rendered":"<ul>\n<li><font color=\"#000080\"><font color=\"#000080\"><font color=\"#000080\"><font color=\"#000080\"><font color=\"#000080\" style=\"line-height: 20.8px\"><font color=\"#000080\"><span style=\"line-height: 20.8px\"><span style=\"line-height: 20.8px\"><span style=\"line-height: 20.8px\"><span style=\"line-height: 20.8px\">[lang_fr] Nouveau num\u00e9ro de la Newsletter du Synfie d&rsquo;avril 2017 consacr\u00e9 aux m\u00e9tiers de l&rsquo;intelligence \u00e9conomique &#8211;&gt;\u00a0<\/span><\/span><\/span><\/span><\/font><\/font><\/font><\/font><\/font>http:\/\/www.scoop.it\/t\/sud-ouest-intelligence-economique<\/font><\/li>\n<li>[lang_fr] Pour votre \u00e9t\u00e9, nous vous recommandons la lecture de la\u00a0<strong>Newsletter du Synfie juin \u00a02016 consacr\u00e9e au Renseignement Economique<\/strong>\u00a0avec un <strong>article de SOie<\/strong> page 11<strong style=\"color: #000080; font-size: 1em; line-height: 20.8px\">\u00a0 &#8212;&gt;<\/strong><span style=\"color: #000080; font-size: 1em; line-height: 20.8px\"><strong>\u00a0<\/strong>A\u00a0la Une de\u00a0<a href=\"http:\/\/www.scoop.it\/t\/sud-ouest-intelligence-economique\">notre Scoop-it\u00a0<\/a><\/span><\/li>\n<li><font color=\"#000080\"><font color=\"#000080\"><font color=\"#000080\"><font color=\"#000080\"><font color=\"#000080\" style=\"line-height: 20.8px\"><font color=\"#000080\"><span style=\"line-height: 20.8px\"><span style=\"line-height: 20.8px\"><span style=\"line-height: 20.8px\">[lang_fr]\u00a0<\/span><strong style=\"line-height: 20.8px\">Vid\u00e9o France 24 de Mai 2016 \/ Pr\u00e9sentation du secteur de l&rsquo;IE et de son syndicat professionnel \u00a0 &#8212;&gt;<\/strong><span style=\"line-height: 20.8px\">Entretien <strong>Alexandre Medvedowsky Pr\u00e9sident du Synfie <\/strong>\u00e0 la Une de\u00a0<a href=\"http:\/\/www.scoop.it\/t\/sud-ouest-intelligence-economique\">notre Scoop-it\u00a0<\/a>ou directement sur\u00a0<\/span><\/span><\/span><\/font><\/font><\/font><\/font><\/font><\/font><a href=\"https:\/\/www.youtube.com\/watch?v=y_SvIlVXTS0\">YouTube<\/a><\/li>\n<li><font color=\"#000080\"><font color=\"#000080\"><font color=\"#000080\"><font color=\"#000080\"><font color=\"#000080\" style=\"line-height: 20.8px\"><font color=\"#000080\"><span style=\"line-height: 20.8px\"><span style=\"line-height: 20.8px\">[lang_fr] <strong>Newsletter du Synfie de Mars 2016<\/strong><\/span><\/span><\/font><\/font><span style=\"font-size: 1em; line-height: 1.3em\">\u00a0\/\u00a0<\/span><span style=\"font-size: 1em; line-height: 1.3em\"><strong>DOSSIER TH\u00c9MATIQUE SUR \u00ab\u00a0LES NOUVELLES MENACES PESANT SUR LES FLEURONS INDUSTRIELS FRAN\u00c7AIS\u00a0\u00bb<\/strong>.\u00a0<span style=\"font-size: 1em; line-height: 1.3em\">D&rsquo;o\u00f9 viennent ces menaces ? Quels secteurs sont particuli\u00e8rement vis\u00e9s ? Comment se d\u00e9fendre\u00a0<\/span><\/span><span style=\"font-size: 1em; line-height: 1.3em\">\u00a0&#8211;&gt;\u00a0<\/span><\/font><\/font><\/font><\/font><a href=\"http:\/\/synfie.fr\/index.php\/actualites\/lettre-trimestrielle\/finish\/5-lettre\/500-lettre-d-information-du-synfie-mars-2016\">Newsletter N\u00b05 Synfie<\/a><\/li>\n<li><font color=\"#000080\"><font color=\"#000080\"><span style=\"line-height: 20.8px\"><span style=\"line-height: 20.8px\"><font color=\"#000080\" style=\"line-height: 20.8px\"><font color=\"#000080\"><span style=\"line-height: 20.8px\"><span style=\"line-height: 20.8px\">[lang_fr] <strong>SOie\u00a0<\/strong><\/span><\/span><\/font><\/font><span style=\"font-size: 1em; line-height: 1.3em\"><span style=\"font-size: 1em; line-height: 1.3em\"><strong>aide la fili\u00e8re vinicaissi\u00e8re dans son projet de r\u00e9industrialisation<\/strong>\u00a0: l<\/span><span style=\"font-size: 1em; line-height: 1.3em\">a \u00a0r\u00e9gion Aquitaine a souhait\u00e9 y <\/span><span style=\"font-size: 1em; line-height: 1.3em\">voir clair de mani\u00e8re d\u00e9finitive sur l\u2019int\u00e9r\u00eat de r\u00e9industrialiser la fili\u00e8re vinicaissi\u00e8re . L<\/span><span style=\"font-size: 1em; line-height: 1.3em\">es pouvoirs publics financeurs ont demand\u00e9 \u00e0 Sud-Ouest intelligence \u00e9conomique de <\/span><span style=\"font-size: 1em; line-height: 1.3em\"><strong>jouer le r\u00f4le de \u00ab\u00a0tiers de confiance\u00a0\u00bb entre les acteurs de la fili\u00e8re<\/strong><\/span><span style=\"font-size: 1em; line-height: 1.3em\">\u00a0<\/span>\u00a0&#8211;&gt;\u00a0<\/span><\/span><\/span><\/font><\/font><a href=\"http:\/\/www.scoop.it\/t\/sud-ouest-intelligence-economique\">Sud-Ouest du 7 janvier 2015<\/a><\/li>\n<li><font color=\"#000080\"><font color=\"#000080\"><span style=\"line-height: 20.8px\"><span style=\"line-height: 20.8px\">[lang_fr] <strong>SOie accompagne la fili\u00e8re fabrication additive aquitaine<\/strong> \/\u00a0<\/span><\/span><\/font><\/font><span style=\"color: #000080; font-size: 1em; line-height: 1.3em\">La\u00a0<\/span><span style=\"color: #000080; font-size: 1em; line-height: 1.3em\"><span style=\"font-size: 1em; line-height: 1.3em\">premi\u00e8re machine 3D de grande\u00a0<\/span><span style=\"font-size: 1em; line-height: 1.3em\">dimension\u00a0<\/span>en France\u00a0sera op\u00e9rationnelle\u00a0<\/span><span style=\"color: #000080; font-size: 1em; line-height: 1.3em\">dans un an en Aquitaine &#8211;&gt; <strong>voir l&rsquo;article<\/strong> \u00a0<\/span><img decoding=\"async\" src=\"http:\/\/vlm-robotics.fr\/documents\/art01.pdf\" \/><\/li>\n<li><font color=\"#000080\"><font color=\"#000080\"><span style=\"line-height: 20.8px\">[lang_fr]<\/span><strong style=\"line-height: 20.8px\">\u00a0Grace \u00e0 SOie, anticiper les besoins num\u00e9riques de la sant\u00e9 et permettre aux acteurs de la fili\u00e8re de d\u00e9velopper leur application sant\u00e9 connect\u00e9e \u00a0<\/strong><span style=\"line-height: 20.8px\">\u00a0&#8211;&gt;<strong>\u00a0<a href=\"http:\/\/http:\/\/www.aquitaine-developpement-innovation.com\/media\/17212\/Pge-SanteConnectee-4oct.pdf\" target=\"_blank\"><\/a><a href=\"http:\/\/www.aquitaine-developpement-innovation.com\/media\/17212\/Pge-SanteConnectee-4oct.pdf\">un \u00e9v\u00e9nement national<\/a>\u00a0le 4 oct 2014\u00a0<\/strong>organis\u00e9 par <strong>Aquitaine D\u00e9veloppement Innovation<\/strong>\u00a0 !<\/span><\/font><\/font><\/li>\n<li><font color=\"#000080\"><font color=\"#000080\">[lang_fr]<strong>\u00a0<\/strong><a href=\"https:\/\/www.youtube.com\/watch?v=R4rzN446pIU\">Replay du documentaire France 5 sur l&rsquo;IE\u00a0<\/a>&#8211;&gt; vous retrouverez<strong> l&rsquo;\u00e9quipe SOie plus sp\u00e9cifiquement entre 28&rsquo;20\u00a0\u00bb et 32&rsquo;20\u00a0\u00bb puis 38&rsquo;50 et 41&rsquo;20&rsquo;<\/strong>&lsquo;\u00a0<\/font><\/font><\/li>\n<li><font color=\"#000080\"><font color=\"#000080\">[lang_fr]\u00a0<strong>SOie sur France 5 mardi 9 avril 2013 dans le cadre du premier documentaire sur l&rsquo;IE<\/strong>. <font color=\"#333333\">Rendez-vous sur France 5 <strong>ce mardi soir \u00e0 21h40 !<\/strong><\/font> &#8211;&gt;<a href=\"http:\/\/www.france5.fr\/et-vous\/France-5-et-vous\/Les-programmes\/LE-MAG-N-15-2013\/articles\/p-17894-IE-Intelligence-economique-plongee-en-eaux-trouble.htm\"> sommaire du documentaire\u00a0<\/a> <\/font><\/font><\/li>\n<li><font color=\"#000080\"><font color=\"#000080\">[lang_fr] <strong>R<\/strong><\/font><strong>estitution de l&rsquo;\u00e9tude COnstruction Bois R\u00e9gion Aquitaine <\/strong><font color=\"#000000\">(COBRA) le 10 d\u00e9cembre 12 au Parlement de Navarre de Pau &#8211;&gt;\u00a0<\/font><\/font><a href=\"http:\/\/www.sudouest-ie.fr\/?p=101\">invitation<\/a><\/li>\n<li><font color=\"#000080\">[lang_fr] <\/font>Le 20 mars 2012<font color=\"#000080\">,\u00a0<\/font>Philippe CADUC, PDG de l\u2019Adit, est nomm\u00e9 Pr\u00e9sident du <font color=\"#000080\"><strong>Synfie, le syndicat fran\u00e7ais de l&rsquo;intelligence \u00e9conomique<\/strong>. <\/font>B\u00e9atrice Rivalier assure toujours la repr\u00e9sentation de la profession pour l&rsquo;Aquitaine mais devient \u00e9galement une des Vice-Pr\u00e9sidentes du Synfie.\u00a0Les objectifs du syndicat sont clairement <font color=\"#000080\">au service des professionnels de l&rsquo;IE<\/font>\u00a0 notamment d\u00e9finir et <font color=\"#000080\">faire conna\u00eetre le point de vue des <\/font><u><font color=\"#000080\">praticiens<\/font> <\/u>de  l\u2019Intelligence Economique sur les sujets concernant directement ou  indirectement les entreprises, afin qu&rsquo;elles b\u00e9n\u00e9ficient d&rsquo;un  environnement l\u00e9gislatif et r\u00e9glementaire favorable et o<font color=\"#000080\">euvrer au d\u00e9veloppement de la Profession et en assurer la d\u00e9fens<\/font><font color=\"#000080\">e<\/font><strong>.<\/strong><\/li>\n<\/ul>\n<ul>\n<li><font color=\"#000080\">[lang_fr]\u00a0L<\/font><font style=\"color: #000000\" color=\"#000000\">es r\u00e9sultats de l&rsquo;\u00e9tude <\/font><font color=\"#000080\">COBRA, Construction Bois en R\u00e9gion Aquitain<\/font><font color=\"#000080\">e<\/font><font style=\"color: #000000\" color=\"#000000\">, men\u00e9e en collaboration avec le FCBA, \u00a0pour le compte de Xylofutur, du Conseil R\u00e9gional et de la Dirrecte seront int\u00e9gralement disponibles en t\u00e9l\u00e9chargement sur le site de\u00a0<a href=\"http:\/\/www.xylofutur.fr\/IMG\/file\/Note%20de%20Synthe%CC%80se%20COBRA.pdf\">Xylofutur<\/a>\u00a0\u00e0 partir d&rsquo;avril 2012.\u00a0<\/font><\/li>\n<li><span style=\"color: #000080\">[lang_fr] <\/span><font color=\"#000000\">SOie accompagne des<\/font><span style=\"color: #000080\"> TPE\u00a0\u00a0qui veulent rapidement acc\u00e9der \u00e0 de nouveaux march\u00e9s par l&rsquo;innovation ou la diversification. I<\/span><font color=\"#000000\">niti\u00e9e par Adour Comp\u00e9titivit\u00e9, ces missions longues\u00a0<font color=\"#000080\"> (6 &#8211; 8 mois)<\/font>\u00a0d\u00e9livrent\u00a0\u00e9galement\u00a0<font color=\"#000080\">m\u00e9thodes et outils adapt\u00e9s \u00e0 la\u00a0structuration de chacune de ces entreprises<\/font>.\u00a0Un projet ? un nouveau cap ?\u00a0<\/font><span style=\"color: #000080\"> &#8211;&gt;\u00a0appelez-nous et <\/span><a href=\"http:\/\/www.adour.org\/images\/actionscollectives\/ficheid2010.pdf\" target=\"_blank\">\u00e9tudiez\u00a0les avantages de l&rsquo;Op\u00e9ration I&amp;D<\/a><span style=\"color: #000080\">\u00a0\u00a0<\/span><\/li>\n<li><font color=\"#000080\"><font color=\"#000000\">Vous subissez la crise : vous \u00eates seul aux commandes d\u2019un navire qui vous semble sombrer. Pour autant,<\/font> vous savez\u00a0 &#8211; au plus profond de vous-m\u00eame \u2013 que ce bateau a et\u00a0conserve une raison d\u2019\u00eatre et qu\u2019il ne doit pas \u00eatre perdu !\u00a0<font color=\"#000000\">La question qui demeure et qui vous taraude alors c\u2019est comment,<\/font> <a href=\"http:\/\/www.sudouest-ie.fr\/?p=95\">par quels moyens s\u2019en sortir <\/a>?\u00a0<\/font><\/li>\n<li><font color=\"#000080\">Comment construire sa strat\u00e9gie d&rsquo;excellence en\u00a0ayant recours \u00e0\u00a0l&rsquo;intelligence \u00e9conomique ? <font color=\"#000000\">Avenia\u00a0structure pour la France la fili\u00e8re\u00a0de\u00a0g\u00e9othermie industrielle (celle des r\u00e9seaux de\u00a0chaleur) ! <\/font><a href=\"http:\/\/www.pole-avenia.com\/index.php\/actualites\/74-colloque-scientifique-geothermie\" target=\"_blank\"><font color=\"#000000\">restitution de l&rsquo;\u00e9tude SOie et le\u00a0programme<\/font><\/a><\/font><font color=\"#000000\">\u00a0global du colloque\u00a0\u00a0?<\/font><\/li>\n<li><font color=\"#000080\">Pr\u00e9vention &#8211; anticipipation des difficult\u00e9s financi\u00e8res &#8230; en toute discr\u00e9tion mais avec l&rsquo;expertise financi\u00e8re, judiciaire, sociale et \u00e9conomique\u00a0<font color=\"#000000\">dont vous avez besoin pour sortir de la\u00a0crise<\/font>\u00a0\u00a0 <font color=\"#000000\"><a href=\"http:\/\/www.sudouest-ie.fr\/?p=82\">En savoir plus ?<\/a><\/font>\u00a0<\/font><\/li>\n<li><font color=\"#000080\">Pour\u00a0l&rsquo;ann\u00e9e qui s&rsquo;annonce<\/font> &#8230; \u2026 Voici de quoi <font color=\"#000080\">pr\u00e9parer<\/font> <font color=\"#000080\">vos armes<\/font>\u2026 <font color=\"#000080\">repositionner votre acti<\/font>vit\u00e9 \u2026 remettre en cause les pratiques qui n\u2019ont plus lieu d\u2019\u00eatre \u2026 <font color=\"#000080\">tirer profit de la situation<\/font>\u2026 !\u00a0\u00a0\u00a0\u00a0 Pour en savoir plus, quelques\u00a0<a href=\"http:\/\/www.sudouest-ie.fr\/?p=80\" target=\"_blank\">r\u00e9alisations \u00e0 valeur ajout\u00e9e<\/a><\/li>\n<li>Les consultants de Sud-Ouest\u00a0intelligence \u00e9conomique\u00a0se sont vus confier une <font color=\"#000080\">nouvelle mission d&rsquo;accompagnement du p\u00f4le<\/font> de comp\u00e9titivit\u00e9 Industries et Pin Maritime du Futur , Gradignan oct-d\u00e9c 07. Pour plus d&rsquo;information, <a href=\"?p=57\">nouvelle mission Xylofutur (anciennement IMPF<\/a>)<\/li>\n<li>Pr\u00e9sence au <font color=\"#000080\">salon<\/font> <font color=\"#000080\">Milipol (salon mondial de la s\u00e9curit\u00e9)<\/font>, Paris 09-12 oct. 07 n\u2019h\u00e9sitez \u00e0 nous contacter pour organiser un rendez-vous sur place<\/li>\n<li>\u00a0Exposant sur le <font color=\"#000080\">salon de la sous-traitance de Bilbao<\/font> -Espagne (25-28 oct. 07) venez nous rendre visite !<\/li>\n<li>\u00a0<font color=\"#000080\">Intervention aupr\u00e8s des dirigeants d\u2019entreprise de l\u2019IC<\/font><font color=\"#000080\">G<\/font><font color=\"#000080\"> <\/font>Bordeaux le 14 sept \u00ab\u00a0 soir\u00e9e d\u00e9couverte interactive sur le th\u00e8me du lien entre intelligence \u00e9conomique et strat\u00e9gie des PMEs\u00a0\u00bb<\/li>\n<li>\u00a0<font color=\"#000080\">Pr\u00e9sentation aux financeurs<\/font> des r\u00e9sultats de la mission de veille et d\u2019intelligence \u00e9conomique du <font color=\"#000080\">p\u00f4le de comp\u00e9titivit\u00e9 IPMF<\/font> Industries et Pin Maritime du futur (Gradignan) 11 sept. 07<\/li>\n<li><font color=\"#000080\">Op\u00e9ration Aquitaine R\u00e9gion Pilote en mati\u00e8re d&rsquo;intelligence \u00e9conomique<\/font>,\u00a0op\u00e9ration d&rsquo;accompagnement \u00e0 la veille de dirigeants de PME\/PMI en Aquitaine 2005-2006. Pour plus de d\u00e9tail, <a href=\"?p=63\">Op\u00e9ration Ma\u00eetrise de l&rsquo;Information<\/a><u><font color=\"#0000ff\">[\/lang_fr]<\/font><\/u><\/li>\n<li>[lang_en] SOie will speak\u00a0to the first French geothermal industry symposium (Pau) 17th sept.09\u00a0.\u00a0<a href=\"http:\/\/www.pole-avenia.com\/index.php\/actualites\/actualites\/43-actualites\/74-colloque-scientifique-geothermie\">Program here\u00a0\u00a0<\/a><\/li>\n<li>SOie has been designated by the Aquitain maritime pin industrial cluster (Xylofutur) to help their industrial members detect and study potential innovations Oct 07.<\/li>\n<li>SOie was Present at the Milipol, international security-technology trade-fair Paris 09-12 oct. 07<\/li>\n<li>SOie Exibited at the international subcontractors trade-fair in Bilbao Spain 25-28 oct 07<\/li>\n<li>Conference \u2013 interactive discussion on Business intelligence with regional CEOs in ICG (Business school). [\/lang_en]<\/li>\n<\/ul>\n","protected":false},"excerpt":{"rendered":"<p>[lang_fr] Nouveau num\u00e9ro de la Newsletter du Synfie d&rsquo;avril 2017 consacr\u00e9 aux m\u00e9tiers de l&rsquo;intelligence \u00e9conomique &#8211;&gt;\u00a0http:\/\/www.scoop.it\/t\/sud-ouest-intelligence-economique [lang_fr] Pour votre \u00e9t\u00e9, nous vous recommandons la lecture de la\u00a0Newsletter du Synfie juin \u00a02016 consacr\u00e9e au Renseignement Economique\u00a0avec un article de SOie page 11\u00a0 &#8212;&gt;\u00a0A\u00a0la Une de\u00a0notre Scoop-it\u00a0 [lang_fr]\u00a0Vid\u00e9o France 24 de Mai 2016 \/ Pr\u00e9sentation du [&hellip;]<\/p>\n","protected":false},"author":1,"featured_media":0,"parent":0,"menu_order":11,"comment_status":"open","ping_status":"open","template":"","meta":{"footnotes":""},"_links":{"self":[{"href":"https:\/\/soie.elidee.dev\/index.php?rest_route=\/wp\/v2\/pages\/23"}],"collection":[{"href":"https:\/\/soie.elidee.dev\/index.php?rest_route=\/wp\/v2\/pages"}],"about":[{"href":"https:\/\/soie.elidee.dev\/index.php?rest_route=\/wp\/v2\/types\/page"}],"author":[{"embeddable":true,"href":"https:\/\/soie.elidee.dev\/index.php?rest_route=\/wp\/v2\/users\/1"}],"replies":[{"embeddable":true,"href":"https:\/\/soie.elidee.dev\/index.php?rest_route=%2Fwp%2Fv2%2Fcomments&post=23"}],"version-history":[{"count":0,"href":"https:\/\/soie.elidee.dev\/index.php?rest_route=\/wp\/v2\/pages\/23\/revisions"}],"wp:attachment":[{"href":"https:\/\/soie.elidee.dev\/index.php?rest_route=%2Fwp%2Fv2%2Fmedia&parent=23"}],"curies":[{"name":"wp","href":"https:\/\/api.w.org\/{rel}","templated":true}]}}