{"id":18,"date":"2007-10-12T16:45:14","date_gmt":"2007-10-12T14:45:14","guid":{"rendered":"http:\/\/web84.javanais.net\/?page_id=18"},"modified":"2013-11-22T13:30:02","modified_gmt":"2013-11-22T11:30:02","slug":"competences","status":"publish","type":"page","link":"https:\/\/soie.elidee.dev\/?page_id=18","title":{"rendered":"[lang_fr]des professionnels ![\/lang_fr] [lang_en] competences[\/lang_en]"},"content":{"rendered":"<p><font color=\"#000080\"><strong>[lang_fr]<\/strong><\/font><\/p>\n<p><strong><font color=\"#000080\"><u><img decoding=\"async\" src=\"\/wp-content\/adn.gif\" \/><\/u><\/font><\/strong><\/p>\n<p><font color=\"#000080\"><strong>Pr\u00e9sentation des comp\u00e9tences du groupement <a href=\"http:\/\/web84.javanais.net\/wp-content\/soie.gif\"><\/a>de <font color=\"#808080\"><font color=\"#000080\">SO<\/font>ie<\/font><a href=\"http:\/\/web84.javanais.net\/wp-content\/soie.gif\"><\/a> <a href=\"http:\/\/web84.javanais.net\/wp-content\/fepie.jpg\"><\/a><a href=\"http:\/\/web84.javanais.net\/wp-content\/logosoiev5.gif\"><\/a><a href=\"http:\/\/web84.javanais.net\/wp-content\/logosoiev5.gif\"><\/a><\/strong><\/font><\/p>\n<ul>\n<li><strong>Consultante en<\/strong> <strong>IE offensive<\/strong> et strat\u00e9gique, <strong>Pilote du groupement <\/strong>&#8211;&gt; B\u00e9atrice Rivalier, <strong>votre interlocutrice<\/strong><\/li>\n<li><strong>Sp\u00e9cialiste strat\u00e9gie marketing BtoB, conduite des processus d&rsquo;innovation<\/strong><\/li>\n<li><strong>Experts en logiciels de veille<\/strong> \u00e9galement formateurs et courtiers en information)<\/li>\n<li><strong>Expert en veille terrain, renseignement humain<\/strong> (information ouverte, non prot\u00e9g\u00e9e)<\/li>\n<li><strong>Sp\u00e9cialistes de la protection du patrimoine immat\u00e9riel<\/strong> de l&rsquo;entreprise<\/li>\n<li><strong>Expert en s\u00e9curit\u00e9 informatique,\u00a0<\/strong><strong>s\u00e9curit\u00e9 physique de site<\/strong><\/li>\n<li><strong>Sp\u00e9cialistes de la s\u00e9curisation du vecteur humain <\/strong>(formation, accompagnement)<\/li>\n<li><strong>Expert en d\u00e9tection de la fraude, contrefa\u00e7on, vol<\/strong><\/li>\n<li><strong>Sp\u00e9cialiste de l&rsquo;ing\u00e9nierie financi\u00e8re<\/strong><\/li>\n<li><strong>Sp\u00e9cialiste de l&rsquo;<\/strong><strong>ing\u00e9nierie sociale<\/strong><\/li>\n<li><strong>Sp\u00e9cialiste du web, web ou mobile marketing<\/strong><\/li>\n<li><strong>Sp\u00e9cialiste responsabilit\u00e9 soci\u00e9tale des entreprises \/ developpement durable<\/strong><\/li>\n<\/ul>\n<p align=\"right\"><a href=\"http:\/\/web84.javanais.net\/wp-content\/fepie.jpg\"><\/a><\/p>\n<p><strong><font color=\"#000080\"><strong><font color=\"#000080\">CES NOTIONS DE METIERS NE SONT PAS CLAIRES POUR VOUS\u00a0&#8230; n<font color=\"#999999\"><font color=\"#000000\">ous vous invitons \u00e0<\/font> <\/font>les d\u00e9couvrir de mani\u00e8re pragmatique<br \/>\n<\/font><\/strong><\/font><\/strong><a href=\"http:\/?page_id=15\"><strong>D\u00e9couverte des m\u00e9tiers de l&rsquo;intelligence \u00e9conomique<\/strong><\/a><br \/>\n<font color=\"#333399\"><strong><a href=\"http:\/\/www.sudouest-ie.fr\/?p=97http:\/\/\" target=\"_blank\">D\u00e9couverte de notre expertise\u00a0sur ing\u00e9nierie sp\u00e9cifique<\/a>\u00a0<\/strong><\/font><font color=\"#333333\">pour l&rsquo;accompagnement des entreprises en difficult\u00e9s (anticip\u00e9es ou av\u00e9r\u00e9es) ou en cours de cession-reprise &#8211;&gt; <strong>assistance technique au dirigeant &#8230;<\/strong><\/font><\/p>\n<p align=\"center\"><strong><font color=\"#000080\"><a href=\"http:\/?page_id=15\"><\/a><\/font><\/strong><\/p>\n<p align=\"right\"><strong>ETUSUR,<\/strong><strong> <\/strong><strong>CI2S,<\/strong><strong> <a href=\"http:\/\/www.cconsultingassistance.fr\" target=\"_blank\">C.Consulting Assistance <\/a>,\u00a0<a href=\"http:\/\/www.sudouest-ie.fr\/?p=97\" target=\"_blank\">Altorem<\/a>\u00a0, 2donet&#8230; [\/lang_fr]<\/strong><\/p>\n<p align=\"left\">[lang_en]<\/p>\n<p align=\"left\">\u00a0<img decoding=\"async\" src=\"http:\/\/www.sudouest-ie.fr\/wp-content\/adn-en.gif\" \/><\/p>\n<p align=\"left\"><strong>Senior Business intelligence and Industrial Strategic Consultant<\/strong>, B\u00e9atrice Rivalier helps you develops the best solution to achieve your professional goals and enhance the efficiency of your organisation.<br \/>\nPrior to signing a contract Beatrice analyses your project and defines with you her contribution to your team : market segmentations, laws, national characteristics, leading trading partners, influential network \u2026<\/p>\n<p align=\"left\">Then, her job could begin:<br \/>\nAnalyse product opportunities, conduct market surveys, handle strategic synthesis, generate and interview resources and key person (market observation, research, technology, industry \u2026), develop operational sales approach, establish qualified contacts, prepare executive, briefs your team, assess your local partners, provides you with tools to become more efficient in terms of market trend reporting, innovation benchmarking \u2026<\/p>\n<p align=\"left\">Throughout her career, B\u00e9atrice has developed concrete experience in both private and public sectors. She has aquired the know-how and the tools necessary to operate within the bureaucratic system as complicated as the French !<br \/>\nSOie\u00ae can help you <strong><font color=\"#000080\">judiciously package<\/font><\/strong> your project and achieve your objectives\u2026even in France!<\/p>\n<p align=\"left\"><font color=\"#000080\"><strong>SOie\u00ae is a group of several specialists<\/strong><\/font> that share the same values and work with the same ethics with regard the projects they manage<\/p>\n<ul>\n<li>\n<p align=\"left\"><strong>Finance and Legal consultant (due diligence, financial audit\u2026)<\/strong><\/p>\n<\/li>\n<li>\n<p align=\"left\"><strong>Expertise in French Laws, regulation<\/strong><\/p>\n<\/li>\n<li>\n<p align=\"left\"><strong>Electronic Data collection expert (patents, scientific publications, forum tracking \u2026).<\/strong><\/p>\n<\/li>\n<li>\n<p align=\"left\"><strong>Information Security expert to protect your sensitive information, prevent you industrial rumours \u2026<\/strong><\/p>\n<\/li>\n<li>\n<p align=\"left\"><strong>Expertise in English language and Cultural expert<\/strong><\/p>\n<\/li>\n<\/ul>\n<p align=\"left\"><strong>Depending of the needs of your project, Beatrice will design and manage her team<\/strong> in order to deliver you expected results. SOie\u00ae gives you the comfort and the security of a truly private partner as well as the power of a multidisciplinary group.<br \/>\n<strong>We want to become your long term local partner !!<br \/>\n<\/strong>[\/lang_en]<\/p>\n","protected":false},"excerpt":{"rendered":"<p>[lang_fr] Pr\u00e9sentation des comp\u00e9tences du groupement de SOie Consultante en IE offensive et strat\u00e9gique, Pilote du groupement &#8211;&gt; B\u00e9atrice Rivalier, votre interlocutrice Sp\u00e9cialiste strat\u00e9gie marketing BtoB, conduite des processus d&rsquo;innovation Experts en logiciels de veille \u00e9galement formateurs et courtiers en information) Expert en veille terrain, renseignement humain (information ouverte, non prot\u00e9g\u00e9e) Sp\u00e9cialistes de la protection [&hellip;]<\/p>\n","protected":false},"author":1,"featured_media":0,"parent":0,"menu_order":10,"comment_status":"open","ping_status":"open","template":"","meta":{"footnotes":""},"_links":{"self":[{"href":"https:\/\/soie.elidee.dev\/index.php?rest_route=\/wp\/v2\/pages\/18"}],"collection":[{"href":"https:\/\/soie.elidee.dev\/index.php?rest_route=\/wp\/v2\/pages"}],"about":[{"href":"https:\/\/soie.elidee.dev\/index.php?rest_route=\/wp\/v2\/types\/page"}],"author":[{"embeddable":true,"href":"https:\/\/soie.elidee.dev\/index.php?rest_route=\/wp\/v2\/users\/1"}],"replies":[{"embeddable":true,"href":"https:\/\/soie.elidee.dev\/index.php?rest_route=%2Fwp%2Fv2%2Fcomments&post=18"}],"version-history":[{"count":0,"href":"https:\/\/soie.elidee.dev\/index.php?rest_route=\/wp\/v2\/pages\/18\/revisions"}],"wp:attachment":[{"href":"https:\/\/soie.elidee.dev\/index.php?rest_route=%2Fwp%2Fv2%2Fmedia&parent=18"}],"curies":[{"name":"wp","href":"https:\/\/api.w.org\/{rel}","templated":true}]}}