{"id":17,"date":"2007-10-12T15:04:46","date_gmt":"2007-10-12T13:04:46","guid":{"rendered":"http:\/\/web84.javanais.net\/?page_id=17"},"modified":"2013-11-22T13:54:15","modified_gmt":"2013-11-22T11:54:15","slug":"decideur-public","status":"publish","type":"page","link":"https:\/\/soie.elidee.dev\/?page_id=17","title":{"rendered":"[lang_fr]d\u00e9cideur public[\/lang_fr] [lang_en] reinforce your BI[\/lang_en]"},"content":{"rendered":"<p>[lang_fr]<\/p>\n<p><img decoding=\"async\" src=\"http:\/\/www.sudouest-ie.fr\/wp-content\/starting-blocks.gif\" \/><\/p>\n<p>[\/lang_fr]<\/p>\n<p>[lang_en]<\/p>\n<p><img decoding=\"async\" src=\"http:\/\/www.sudouest-ie.fr\/wp-content\/starting-blocks-en2.gif\" \/><\/p>\n<p>[\/lang_en]<\/p>\n<p><font color=\"#000080\"><strong><font color=\"#999999\">[lang_fr]<\/font><font color=\"#555555\">Vous \u00eates d\u00e9cideur public<\/font> (\u00e9lu ou d\u00e9veloppeur), <font color=\"#555555\">nous intervenons<\/font> \u00e0 vos c\u00f4t\u00e9 et aupr\u00e8s de vos \u00e9quipes<\/strong><\/font><\/p>\n<ul>\n<li>pour <strong>valider un projet structurant <\/strong>pour le territoire (p\u00f4le d\u2019excellence, technop\u00f4le, cr\u00e9ation d\u2019une \u00e9cole d\u2019ing\u00e9nieur \u2026),<\/li>\n<li>mettre en place un <strong>dispositif de veille ou d&rsquo;IE adapt\u00e9 \u00e0 une structure d\u2019accompagnement<\/strong> (structure de d\u00e9veloppement \u00e9conomique, p\u00e9pini\u00e8re, centre technique, p\u00f4le de comp\u00e9titivit\u00e9 \u2026)<\/li>\n<li>\u00e9laborer une <strong>strat\u00e9gie offensive pour le territoire<\/strong> (\u00ab devenir le territoire de r\u00e9f\u00e9rence en mati\u00e8re de\u2026 \u00bb, strat\u00e9gie d&rsquo;influence pour drainer les financements nationaux, r\u00e9gionaux vers votre territoire)<\/li>\n<li>mettre en place le <strong>dispositif d\u2019intelligence territoriale adapt\u00e9<\/strong>, instaurer un travail coop\u00e9ratif parmi les d\u00e9veloppeurs \u00e9conomiques et rationnaliser ainsi le dispositif<\/li>\n<li>\u00e9laborer et animer pour le compte de vos entreprises des <strong>r\u00e9unions de sensibilisation, initiation, formation \u00e0 l&rsquo;IE<\/strong><\/li>\n<li>&#8230;<\/li>\n<\/ul>\n<p><font color=\"#000080\"><strong>Force d\u2019appui sur vos<\/strong> <strong>projets strat\u00e9giques <font color=\"#999999\"><font color=\"#555555\">en mati\u00e8re de d\u00e9veloppement \u00e9conomique et durable, nous vous d\u00e9montrerons concr\u00e8tement comment l\u2019IE sert l\u2019action et<\/font> <\/font>donne objectivement de la comp\u00e9titivit\u00e9 \u00e0 votre territoire !<\/strong><\/font><\/p>\n<p><font color=\"#000080\"><strong>Vos intuitions de d\u00e9cideurs publics <font color=\"#555555\">sont toujours essentielles; elles ont<\/font> simplement besoin d&rsquo;\u00eatre valider finement pour engendrer de la comp\u00e9titivit\u00e9 <font color=\"#555555\">dans ce nouvel environnement \u00e9conomique chaque jour plus exigent !<\/font> [\/lang_fr]<\/strong><\/font><\/p>\n<p><font color=\"#000080\"><font color=\"#000000\">[lang_en]WHERE DO YOU NEED TO REINFORCE YOUR BUSINESS INTELLIGENCE EXPERTISE?<\/font><\/font><\/p>\n<p><font color=\"#000080\"><font color=\"#000000\">As top company manager, you are convinced that to secure your development or to optimize your current business your team <strong>must collect and exploit new type of critical information <\/strong>regarding :<\/font><\/font><\/p>\n<ul><font color=\"#000080\"><font color=\"#000000\"><\/p>\n<li>your main and already identified French competitors: <font color=\"#000080\"><font color=\"#000000\">What has happened in last three months? <\/font><\/font><font color=\"#000080\"><font color=\"#000000\">How can a 10 % loss of market shared be explained? <\/font><\/font><\/li>\n<li><font color=\"#000080\"><font color=\"#000000\">cost estimation, cost differential ?<\/font><\/font><\/li>\n<li><font color=\"#000080\"><font color=\"#000000\">equipment exclusive maintenance, training and revamping agreements \u2026 <\/font><\/font><\/li>\n<li><font color=\"#000080\"><font color=\"#000000\">communication strategy : articles in professional revues or regional journal, exhibitions, <\/font><\/font><\/li>\n<li><font color=\"#000080\"><font color=\"#000000\">innovative mid-sized companies with cutting edge technology, potential competitive advantage of the new companies on French market ? <\/font><\/font><font color=\"#000080\"><font color=\"#000000\">firms with unparalleled positions on the market ? and an exceptionally influential sphere? <\/font><\/font><\/li>\n<li><font color=\"#000080\"><font color=\"#000000\">new experiences, newly developed market tests : collection of samples and identification of plant, production line &#8230;<\/font><\/font><\/li>\n<li><font color=\"#000080\"><font color=\"#000000\">your competitor\u2019s industrial development partnerships : tracking in order to anticipate product potential and time to the market<\/font><\/font><\/li>\n<li><font color=\"#000080\"><font color=\"#000000\">rumour or unfair competition management<br \/>\n\u2026<\/font><\/font><\/li>\n<p><\/font><\/font><font color=\"#000080\"><\/font><\/ul>\n<p><font color=\"#000080\"><font color=\"#000000\"><font color=\"#000080\"><font color=\"#000000\"><br \/>\n<font color=\"#000080\"><strong>SOie\u00ae is your local partner to investigate and inform you on key information<\/strong>.<\/font> SOie\u00ae works in weather punctually or on a long terms partnerships basis. <\/font><\/font><font color=\"#000080\"><font color=\"#000000\"><font color=\"#000080\"><font color=\"#000000\"><br \/>\n<font color=\"#000000\">In total respect of French laws and regulation<\/font>s, you will have the <font color=\"#000080\"><strong>best available information yet remain politically correct.<\/strong><\/font> The information we deliver to you will be collected without compromise. However, <font color=\"#000000\"><strong>it will give you concrete competitive advantage<\/strong><\/font>!<br \/>\n[\/lang_en]<\/font><\/font><\/font><\/font><\/font><\/font><\/p>\n","protected":false},"excerpt":{"rendered":"<p>[lang_fr] [\/lang_fr] [lang_en] [\/lang_en] [lang_fr]Vous \u00eates d\u00e9cideur public (\u00e9lu ou d\u00e9veloppeur), nous intervenons \u00e0 vos c\u00f4t\u00e9 et aupr\u00e8s de vos \u00e9quipes pour valider un projet structurant pour le territoire (p\u00f4le d\u2019excellence, technop\u00f4le, cr\u00e9ation d\u2019une \u00e9cole d\u2019ing\u00e9nieur \u2026), mettre en place un dispositif de veille ou d&rsquo;IE adapt\u00e9 \u00e0 une structure d\u2019accompagnement (structure de d\u00e9veloppement \u00e9conomique, [&hellip;]<\/p>\n","protected":false},"author":1,"featured_media":0,"parent":8,"menu_order":5,"comment_status":"open","ping_status":"open","template":"","meta":{"footnotes":""},"_links":{"self":[{"href":"https:\/\/soie.elidee.dev\/index.php?rest_route=\/wp\/v2\/pages\/17"}],"collection":[{"href":"https:\/\/soie.elidee.dev\/index.php?rest_route=\/wp\/v2\/pages"}],"about":[{"href":"https:\/\/soie.elidee.dev\/index.php?rest_route=\/wp\/v2\/types\/page"}],"author":[{"embeddable":true,"href":"https:\/\/soie.elidee.dev\/index.php?rest_route=\/wp\/v2\/users\/1"}],"replies":[{"embeddable":true,"href":"https:\/\/soie.elidee.dev\/index.php?rest_route=%2Fwp%2Fv2%2Fcomments&post=17"}],"version-history":[{"count":0,"href":"https:\/\/soie.elidee.dev\/index.php?rest_route=\/wp\/v2\/pages\/17\/revisions"}],"up":[{"embeddable":true,"href":"https:\/\/soie.elidee.dev\/index.php?rest_route=\/wp\/v2\/pages\/8"}],"wp:attachment":[{"href":"https:\/\/soie.elidee.dev\/index.php?rest_route=%2Fwp%2Fv2%2Fmedia&parent=17"}],"curies":[{"name":"wp","href":"https:\/\/api.w.org\/{rel}","templated":true}]}}