{"id":16,"date":"2007-10-12T14:39:38","date_gmt":"2007-10-12T12:39:38","guid":{"rendered":"http:\/\/web84.javanais.net\/?page_id=16"},"modified":"2013-11-22T13:37:00","modified_gmt":"2013-11-22T11:37:00","slug":"entreprise","status":"publish","type":"page","link":"https:\/\/soie.elidee.dev\/?page_id=16","title":{"rendered":"[lang_fr]entreprise[\/lang_fr] [lang_en]your strategic dev.[\/lang_en]"},"content":{"rendered":"<p>[lang_fr]<\/p>\n<p><img decoding=\"async\" src=\"\/wp-content\/starting-blocks.gif\" \/><\/p>\n<p>[\/lang_fr]<\/p>\n<p>[lang_en]<\/p>\n<p><img decoding=\"async\" src=\"\/wp-content\/starting-blocks-en.gif\" \/><\/p>\n<p>[\/lang_en]<\/p>\n<p><strong><font color=\"#000080\">[lang_fr]Vous \u00eates entrepreneur, <\/font><\/strong>voici quelques exemples de nos prestations pour vous aider \u00e0<\/p>\n<ol>\n<li><font color=\"#000080\"><font color=\"#000080\"><strong>r\u00e9agir <\/strong><\/font><strong>face \u00e0 la crise actuelle\u00a0<\/strong><\/font><font color=\"#999999\"> <\/font>\n<ul>\n<li>g\u00e9rer l&rsquo;h\u00e9morragie si cela est le cas, mettre en oeuvre des solutions face aux probl\u00e8mes financiers<\/li>\n<li>rebondir\u00a0gr\u00e2ce \u00e0\u00a0un redressement \u00e9conomique s\u00e9curis\u00e9 &#8230; <strong><a href=\"http:\/\/www.sudouest-ie.fr\/?p=82\">notre accompagnement dans l&rsquo;urgence <\/a><\/strong><\/li>\n<\/ul>\n<\/li>\n<li><strong><font color=\"#000080\">valider la pertinence\u00a0de \u00a0votre \u00ab projet impliquant \u00bb , gagner en s\u00e9curit\u00e9 et efficacit\u00e9\u00a0<\/font><\/strong>\n<ul>\n<li>contourner les facteurs limitants le d\u00e9veloppement de vos ventes, int\u00e9grer ou non une nouvelle technologie de fabrication, transposer, investir de nouveaux march\u00e9s), s\u2019internationaliser (outsourcing, export) \u2026<strong>autant de sujets clairement offensifs<\/strong><\/li>\n<li>comprendre un environnement en pleine mutation\u00a0 \u2026 <strong>des sujets plus structurels<\/strong><\/li>\n<li>r\u00e9agir \u00e0 la menace d\u2019un nouveau comp\u00e9titeur, dans la perspective d\u2019une d\u00e9r\u00e9gulation, face \u00e0\u00a0un concurrent qui casse les prix, en r\u00e9action \u00e0 la strat\u00e9gie de nos clients \u2026 <strong>autant de sujets sans doute plus d\u00e9fensifs <\/strong><\/li>\n<\/ul>\n<\/li>\n<li><font color=\"#333399\"><strong>structurer ou<\/strong><\/font> <font color=\"#000080\"><strong>renforcer l\u2019expertise IE de votre \u00e9quipe <\/strong><\/font>\n<ul>\n<li>r\u00e9aliser un\u00a0<strong>diagnostic strat\u00e9gique<\/strong> (axes de veille, pratiques IE), mettre en oeuvre\u00a0les <strong>\u00e9tapes de structuration<\/strong> (formation \u00e0 des outils de veille, mise en place de rapport d\u2019\u00e9tonnement, s\u00e9curisation \u00a0\u2026)<\/li>\n<li>optimiser le dispositif et <strong>l\u00e9gitimer la fonction IE<\/strong> au sein de l\u2019entreprise<\/li>\n<li>g\u00e9n\u00e9rer et piloter des <strong>veilleurs sur les zones \u00e9trang\u00e8res<\/strong> qui int\u00e9ressent l\u2019entreprise<\/li>\n<li><strong>s\u00e9curiser le c\u0153ur d\u2019information<\/strong> de votre entreprise, <strong>audit de s\u00e9curit\u00e9<\/strong> syst\u00e8me informatique-t\u00e9l\u00e9com\u00a0&#8230;<\/li>\n<\/ul>\n<\/li>\n<li>sur vos\u00a0<font color=\"#000080\"><strong>divers besoins\u00a0en mati\u00e8re de \u00a0marketing B to B<\/strong> <\/font>\n<ul>\n<li><font color=\"#333333\"><strong>prestation ponctuelle<\/strong> (\u00e9tude de march\u00e9, mise au point supports communication, \u00e9coute client, debriefing partenaires &#8230;)<\/font><\/li>\n<li><font color=\"#333333\"><strong>accompagnement\u00a0 de vos \u00e9quipe<\/strong>s (optimisation process prospection ou\u00a0commerciaux, accompagnement distributeurs &#8230;)<\/font><\/li>\n<li><font color=\"#333333\"><strong>contrat d&rsquo;externalisation de la fonction marketing<\/strong> (typiquement 2-4 jours \/ mois)<\/font><\/li>\n<\/ul>\n<\/li>\n<\/ol>\n<p><font color=\"#333333\">[lang_en] <span lang=\"EN-GB\" style=\"font-size: 10pt; font-family: Arial, sans-serif\"><\/span><\/font><br \/>\n<span lang=\"EN-GB\" style=\"font-size: 10pt; font-family: Arial, sans-serif\"><\/span><font color=\"#333333\">What is the possibility for your project in French speaking market:<\/font><\/p>\n<ul>\n<li><font color=\"#333333\">Strategic survey of French market : competitor mapping and characterization, supplier analysis, target market segmentations \/ distribution network analysis\u2026 <strong>key players for recommendation, referencing\u2026 anticipation<\/strong> \u2026<\/font><\/li>\n<li><font color=\"#333333\"><strong>Overcome limitations<\/strong> to increase turn over : enhance drastically the product quality by using new raw material, new technology \u2026 transferred from similar industries in France \u2026<\/font><\/li>\n<li><font color=\"#333333\"><strong>Discover and analyse new marketing \/ sales approaches<\/strong> in emerging or mature markets, ascertain new key client purchasing strategies (following strategic changes, company buyout) \u2026<\/font><\/li>\n<li><font color=\"#333333\"><strong>Discern French market comprehension<\/strong>, explore the right segments before profiling needed partners. Benchmark studies of each potential partners \u2026<\/font><\/li>\n<li><font color=\"#333333\">Found an industrial or retailer partners in order to build, assemble, develop and sale on French speaking countries &#8230;<\/font><\/li>\n<li><font color=\"#333333\">Identify the key technologies research team you need for your future innovation \u2026<br \/>\n\u2026<br \/>\n[\/lang_en]<\/font><\/li>\n<\/ul>\n","protected":false},"excerpt":{"rendered":"<p>[lang_fr] [\/lang_fr] [lang_en] [\/lang_en] [lang_fr]Vous \u00eates entrepreneur, voici quelques exemples de nos prestations pour vous aider \u00e0 r\u00e9agir face \u00e0 la crise actuelle\u00a0 g\u00e9rer l&rsquo;h\u00e9morragie si cela est le cas, mettre en oeuvre des solutions face aux probl\u00e8mes financiers rebondir\u00a0gr\u00e2ce \u00e0\u00a0un redressement \u00e9conomique s\u00e9curis\u00e9 &#8230; notre accompagnement dans l&rsquo;urgence valider la pertinence\u00a0de \u00a0votre \u00ab projet [&hellip;]<\/p>\n","protected":false},"author":1,"featured_media":0,"parent":8,"menu_order":0,"comment_status":"open","ping_status":"open","template":"","meta":{"footnotes":""},"_links":{"self":[{"href":"https:\/\/soie.elidee.dev\/index.php?rest_route=\/wp\/v2\/pages\/16"}],"collection":[{"href":"https:\/\/soie.elidee.dev\/index.php?rest_route=\/wp\/v2\/pages"}],"about":[{"href":"https:\/\/soie.elidee.dev\/index.php?rest_route=\/wp\/v2\/types\/page"}],"author":[{"embeddable":true,"href":"https:\/\/soie.elidee.dev\/index.php?rest_route=\/wp\/v2\/users\/1"}],"replies":[{"embeddable":true,"href":"https:\/\/soie.elidee.dev\/index.php?rest_route=%2Fwp%2Fv2%2Fcomments&post=16"}],"version-history":[{"count":0,"href":"https:\/\/soie.elidee.dev\/index.php?rest_route=\/wp\/v2\/pages\/16\/revisions"}],"up":[{"embeddable":true,"href":"https:\/\/soie.elidee.dev\/index.php?rest_route=\/wp\/v2\/pages\/8"}],"wp:attachment":[{"href":"https:\/\/soie.elidee.dev\/index.php?rest_route=%2Fwp%2Fv2%2Fmedia&parent=16"}],"curies":[{"name":"wp","href":"https:\/\/api.w.org\/{rel}","templated":true}]}}