{"id":15,"date":"2007-10-11T17:43:29","date_gmt":"2007-10-11T15:43:29","guid":{"rendered":"http:\/\/web84.javanais.net\/?page_id=15"},"modified":"2013-11-22T13:14:37","modified_gmt":"2013-11-22T11:14:37","slug":"les-metiers-ie","status":"publish","type":"page","link":"https:\/\/soie.elidee.dev\/?page_id=15","title":{"rendered":"[lang_fr]Intelligence Eco &#8230;[\/lang_fr][lang_en] SOie team[\/lang_en]"},"content":{"rendered":"<p><strong><font color=\"#000080\">[lang_fr]Finalement !<\/font><\/strong><\/p>\n<p><strong><font color=\"#000080\">Quelles sont les diff\u00e9rentes prestations qui rel\u00e8vent de l\u2019intelligence \u00e9conomique (l\u2019IE) ?<\/font><\/strong><\/p>\n<p>Pour vous les pr\u00e9senter, prenons le cas d&rsquo;une entreprise du secteur de l&rsquo;\u00e9quipement industriel, sortant d&rsquo;une conjoncture difficile et souhaitant mettre en place son dispositif de veille pour \u00ab\u00a0reprendre la main sur son march\u00e9 et optimiser son positionnement\u00a0\u00bb.<\/p>\n<p>Voici en 4 p\u00e9riodes, comment\u00a0le travail s&rsquo;est\u00a0d\u00e9roul\u00e9 :<\/p>\n<ol>\n<li>Action de <strong>veille : <\/strong>collecte et exploitation de<strong>\u00a0<\/strong>l\u2019information formalis\u00e9e, num\u00e9ris\u00e9e : \u00a0sites de la concurrence, brevets, litt\u00e9ratures scientifiques, etc&#8230;<\/li>\n<li><strong>Investigation<\/strong> compl\u00e9mentaire : collecte de l&rsquo;information informelle manquante\u00a0 et \u00a0<strong>M\u00e9tabolisation<\/strong> pour <strong>prise de d\u00e9cision<\/strong>,<strong> l\u2019intelligence \u00e9conomique stricto-sensu<\/strong><\/li>\n<li>Compte tenu des capacit\u00e9s offertes par les d\u00e9couvertes faites sur la concurrence, <strong>s\u00e9curisation<\/strong> de ses biens et informations critiques.<\/li>\n<li>Une fois atteint l\u2019objectif fix\u00e9 dans la ma\u00eetrise de son d\u00e9veloppement, <strong>action d\u2019influence<\/strong> sur \u00a0son secteur.<br \/>\n<font color=\"#000080\"><strong>\u00a0<\/strong><\/font><\/li>\n<\/ol>\n<p>Voici la liste des <strong><font color=\"#000080\">6 m\u00e9tiers concern\u00e9s par la d\u00e9marche I.E. <\/font><\/strong>et les p\u00e9riodes ci-dessus qui les concernent :<\/p>\n<ul>\n<li><font color=\"#000080\"><strong>Editeur de logiciel sp\u00e9cialis\u00e9 <\/strong><\/font>sur la\u00a0 veille informatis\u00e9e. 1<\/li>\n<li><font color=\"#000080\"><strong>Courtier en information <\/strong><\/font>qui apporte, sur un rythme donn\u00e9, une synth\u00e8se de veille selon un cahier des charges pr\u00e9cis &#8211;&gt;m\u00e9tier type 1<\/li>\n<li><font color=\"#000080\"><strong>Sp\u00e9cialiste de l\u2019\u00e9tude sp\u00e9cifique<\/strong> <\/font>qui \u00e9labore et vend, en g\u00e9n\u00e9ral \u00e0 plusieurs clients, un dossier de synth\u00e8se sur le sujet d&rsquo;int\u00e9r\u00eat &#8211;&gt; m\u00e9tier type 1 voire 2.<\/li>\n<li><font color=\"#000080\"><strong>Conseil en intelligence \u00e9conomique et strat\u00e9gique.<\/strong> <\/font>Il est au c\u0153ur du processus d&rsquo;accompagnement de l&rsquo;entreprise (d\u00e9finition du sujet, formation des \u00e9quipes dans l\u2019action, structuration de l\u2019analyse&#8230;). C\u2019est l&rsquo;int\u00e9grateur de l&rsquo;ensemble des besoins &#8211;&gt; m\u00e9tier type 1 \u2013 2 &#8211; voire 4<\/li>\n<li><font color=\"#000080\"><strong>Sp\u00e9cialiste de la protection et de l&rsquo;enrichissement du patrimoine\u00a0immat\u00e9riel de l\u2019entreprise. <\/strong><\/font>Il s\u00e9curise l&rsquo;entreprise (ses informations sensibles, ses biens , son syst\u00e8me TIC, ses sites et ses hommes) contre la malveillance, la n\u00e9gligence, l\u2019accident &#8211;&gt; m\u00e9tier de type 3 comprenant plusieurs sp\u00e9cialisations<\/li>\n<li><font color=\"#000080\"><strong>Lobbyiste.<\/strong> <\/font>Il \u00e9labore et met en \u0153uvre la communication d\u2019influence vers les institutions, l&rsquo;environnement de l&rsquo;entreprise. \u00a0A ce titre, il peut \u00e9galement aider \u00e0 d\u00e9polluer l\u2019image et pr\u00e9venir la rumeur &#8211;&gt; m\u00e9tier de type 4<\/li>\n<\/ul>\n<p>Bien \u00e9videmment, ce cas d&rsquo;entreprise correspond \u00e0 un cheminement\u00a0particulier mais a l&rsquo;avantage d&rsquo;illustrer une forme de\u00a0<strong>parcours p\u00e9dagogique<\/strong>. Il d\u00e9montre\u00a0\u00e9galement, pour le client, <strong>l&rsquo;importance de\u00a0la synergie entre les diff\u00e9rentes\u00a0sp\u00e9cialit\u00e9s intervenantes<\/strong>.\u00a0<font color=\"#000080\">\u00a0\u00a0&#8211;&gt; <\/font><a href=\"http:\/\/www.sudouest-ie.fr\/?page_id=18\" style=\"color: #000080\" target=\"_blank\"><strong>D\u00e9couvrez\u00a0\u00a0nos sp\u00e9cialit\u00e9s<\/strong>\u00a0<\/a><\/p>\n<p><font color=\"#000080\"><strong>Compl\u00e9ter votre 1\u00e8re compr\u00e9hension des m\u00e9tiers l&rsquo;IE en lisant notre \u00a0<\/strong><\/font><a href=\"http:\/\/www.scoop.it\/t\/sud-ouest-intelligence-economique\" target=\"_blank\"><img decoding=\"async\" src=\"\/wp-content\/logo-scoop-it.bmp\" \/><\/a>\u00a0\u00a0<strong><font color=\"#000080\">donc \u00a0\u00bb\u00a0les p\u00e9pites actualit\u00e9s sur l&rsquo;IE\u00a0\u00bb que nous avons s\u00e9lectionn\u00e9es pour vous<\/font><\/strong><span style=\"color: #000080\">[\/lang_fr]<\/span><\/p>\n<p>[lang_en]<\/p>\n<p><strong><font color=\"#000080\">SOie : a team of 10\u00a0partners that work together closely and are thoroughly committed to business intelligence issues !<\/font><\/strong><\/p>\n<p><font color=\"#000080\"><br \/>\n<font color=\"#000000\">Our team of specialists can also serve your needs: market segmentation, innovative diagnosis, partner identification, international marketing and sales methods\u2026). But <strong><font color=\"#000080\">you deal with only one front-office partner<\/font><\/strong> throughout the development of your project.<\/font><font color=\"#000080\"> <\/font><\/font><font color=\"#000080\"><font color=\"#000000\"><br \/>\nOur goal is to add-value to your company through concrete results! Although we possess full range of specialised tools, software and methods, our principal asset is our human capital.\u00a0 As we work intimately with your development team, we are able to <font color=\"#000080\"><strong>create tailor-made solutions<\/strong><\/font>.<\/font><\/font><font color=\"#000080\"><font color=\"#000000\">Working <strong>directly with your company employees <\/strong>allows us to be <strong>more efficient, rapid and work under<\/strong> <strong><font color=\"#000080\">t<\/font><font color=\"#000080\">he most secure condition<\/font><\/strong>.<br \/>\n<strong><font color=\"#000080\">[\/lang_en]<\/font><\/strong><font color=\"#000080\"><strong> <\/strong><\/font><font color=\"#000080\"><font color=\"#000080\"><br \/>\n<\/font><\/font><\/font><\/font><\/p>\n","protected":false},"excerpt":{"rendered":"<p>[lang_fr]Finalement ! Quelles sont les diff\u00e9rentes prestations qui rel\u00e8vent de l\u2019intelligence \u00e9conomique (l\u2019IE) ? Pour vous les pr\u00e9senter, prenons le cas d&rsquo;une entreprise du secteur de l&rsquo;\u00e9quipement industriel, sortant d&rsquo;une conjoncture difficile et souhaitant mettre en place son dispositif de veille pour \u00ab\u00a0reprendre la main sur son march\u00e9 et optimiser son positionnement\u00a0\u00bb. Voici en 4 [&hellip;]<\/p>\n","protected":false},"author":1,"featured_media":0,"parent":4,"menu_order":8,"comment_status":"open","ping_status":"open","template":"","meta":{"footnotes":""},"_links":{"self":[{"href":"https:\/\/soie.elidee.dev\/index.php?rest_route=\/wp\/v2\/pages\/15"}],"collection":[{"href":"https:\/\/soie.elidee.dev\/index.php?rest_route=\/wp\/v2\/pages"}],"about":[{"href":"https:\/\/soie.elidee.dev\/index.php?rest_route=\/wp\/v2\/types\/page"}],"author":[{"embeddable":true,"href":"https:\/\/soie.elidee.dev\/index.php?rest_route=\/wp\/v2\/users\/1"}],"replies":[{"embeddable":true,"href":"https:\/\/soie.elidee.dev\/index.php?rest_route=%2Fwp%2Fv2%2Fcomments&post=15"}],"version-history":[{"count":0,"href":"https:\/\/soie.elidee.dev\/index.php?rest_route=\/wp\/v2\/pages\/15\/revisions"}],"up":[{"embeddable":true,"href":"https:\/\/soie.elidee.dev\/index.php?rest_route=\/wp\/v2\/pages\/4"}],"wp:attachment":[{"href":"https:\/\/soie.elidee.dev\/index.php?rest_route=%2Fwp%2Fv2%2Fmedia&parent=15"}],"curies":[{"name":"wp","href":"https:\/\/api.w.org\/{rel}","templated":true}]}}