{"id":14,"date":"2007-10-10T18:51:15","date_gmt":"2007-10-10T16:51:15","guid":{"rendered":"http:\/\/web84.javanais.net\/?page_id=14"},"modified":"2013-11-22T13:28:01","modified_gmt":"2013-11-22T11:28:01","slug":"nos-references","status":"publish","type":"page","link":"https:\/\/soie.elidee.dev\/?page_id=14","title":{"rendered":"[lang_fr]r\u00e9f\u00e9rences[\/lang_fr] [lang_en]references [\/lang_en]"},"content":{"rendered":"<p><strong><font color=\"#000080\"><img decoding=\"async\" src=\"\/wp-content\/references.jpg\" \/><\/font><\/strong><\/p>\n<p><strong><font color=\"#000080\">[lang_fr]Celles dont on peut parler :<\/font><\/strong><\/p>\n<p><strong><font color=\"#333333\">Fili\u00e8re Bois Construction : FIBA, Afcobois, Cebatrama, Xylofutur, Conseil R\u00e9gional et Dirrecte Aquitaine<\/font><\/strong> \/ \u00e9tude de march\u00e9 COBRA COnstruction Bois en R\u00e9gion Aquitaine\u00a0<strong> : <\/strong>\u00e9tat des lieux et <strong>prospective<\/strong>\u00a0sur ce march\u00e9.\u00a0<strong>Ad\u00e9quation demande\u00a0&amp; offre \u00e0 l&rsquo;horizon RT 2012<\/strong> (janvier\u00a02013)\u00a0et au del\u00e0 RT 2020<\/p>\n<p><strong><a href=\"http:\/\/www.pole-avenia.com\/\" target=\"_blank\"><font color=\"#333333\">P\u00f4le de comp\u00e9titivit\u00e9 Avenia <\/font><\/a><font color=\"#333333\">(Avenir Energie Environnement) \/ <\/font><\/strong><font color=\"#333333\">mission d&rsquo;analyse du\u00a0march\u00e9 de la \u00a0g\u00e9othermie industrielle<\/font>\u00a0\u00a0<strong>\u00a0<\/strong><\/p>\n<p><strong><a href=\"http:\/\/www.ipmf.fr\/\" target=\"_blank\">P\u00f4le de comp\u00e9titivit\u00e9\u00a0 Xylofutur<\/a> (Pin Maritime du Futur)\/\u00a0<\/strong> mission\u00a0d&rsquo;accompagnement IE sur le <strong>rep\u00e9rage d&rsquo;innovations durables<\/strong> pour les march\u00e9s de la construction, de la palette et de la d\u00e9coration) associant une <strong>cinquantaine d\u2019acteurs \u00e9conomiques de la fili\u00e8re<\/strong><\/p>\n<p style=\"text-align: center\"><a href=\"http:\/\/www.ipmf.fr\/\" target=\"_blank\" title=\"site ipfm\"><\/a><\/p>\n<p><a href=\"http:\/\/www.aquitaine.drire.gouv.fr\/di\/actions_collectives\/ac-intelligence_economique.htm\" target=\"_blank\"><strong><font color=\"#333333\">DRIRE, Tr\u00e9sorerie G\u00e9n\u00e9rale, Conseil R\u00e9gional, INPI et Pr\u00e9fecture de R\u00e9gion <\/font><\/strong><\/a><font color=\"#333333\"><strong>\/ Op\u00e9ration Ma\u00eetrise de l\u2019Information Aquitaine <\/strong>&#8211; <strong>chantiers de veille technologique<\/strong> avec les conseillers technologiques (r\u00e9seau RDT) aupr\u00e8s 10 PME<\/font><\/p>\n<p><font color=\"#000080\"><font color=\"#000000\"><strong><font color=\"#000080\">Celles dont on ne peut pas parler pour des raisons de confidentialit\u00e9<\/font><\/strong><\/font><\/font><font color=\"#000080\"><font color=\"#000000\"> : <\/font><\/font><font color=\"#333333\">de nombreuses interventions \u2026 <strong>dans les secteurs suivants<\/strong><\/font><\/p>\n<ul>\n<li>agroalimentaire<\/li>\n<li>billettique- p\u00e9age<\/li>\n<li>bois<\/li>\n<li>construction<\/li>\n<li>ing\u00e9nieries, bureaux d&rsquo;\u00e9tudes<\/li>\n<li>sous-traitance m\u00e9canique, m\u00e9tallurgique, \u00e9lectronique<\/li>\n<li>environnement, \u00e9co-industrie<\/li>\n<li>\u00e9nergie (conventionnelle et renouvelable )<\/li>\n<li>transport<\/li>\n<li>mat\u00e9riaux<\/li>\n<li>laboratoire, centre technologique<br \/>\n\u2026[\/lang_fr]<\/li>\n<\/ul>\n<p>[lang_en]Due to confidentiality, sectors or activities not company names are listed below<\/p>\n<ul>\n<li>Food industry<\/li>\n<li>Engineering industry<\/li>\n<li>Information technology<\/li>\n<li>Machine tools industry<\/li>\n<li>Transportation Industry : air, rail, trolley \u2026<\/li>\n<li>Aeronautic sub contractors : mechanic, steel, electronic \u2026<\/li>\n<li>Decontamination and environmental technology<\/li>\n<li>Energy : traditional and green technology<\/li>\n<li>Material industry<\/li>\n<li>Lumber industry<\/li>\n<li>Building industry<\/li>\n<li>Laboratories and technical demonstration centre<\/li>\n<\/ul>\n<p>We work for small and medium firms as well as\u00a0 major groups in traditional or high-tech industries.<br \/>\n[\/lang_en]<\/p>\n","protected":false},"excerpt":{"rendered":"<p>[lang_fr]Celles dont on peut parler : Fili\u00e8re Bois Construction : FIBA, Afcobois, Cebatrama, Xylofutur, Conseil R\u00e9gional et Dirrecte Aquitaine \/ \u00e9tude de march\u00e9 COBRA COnstruction Bois en R\u00e9gion Aquitaine\u00a0 : \u00e9tat des lieux et prospective\u00a0sur ce march\u00e9.\u00a0Ad\u00e9quation demande\u00a0&amp; offre \u00e0 l&rsquo;horizon RT 2012 (janvier\u00a02013)\u00a0et au del\u00e0 RT 2020 P\u00f4le de comp\u00e9titivit\u00e9 Avenia (Avenir Energie Environnement) [&hellip;]<\/p>\n","protected":false},"author":1,"featured_media":0,"parent":0,"menu_order":7,"comment_status":"open","ping_status":"open","template":"","meta":{"footnotes":""},"_links":{"self":[{"href":"https:\/\/soie.elidee.dev\/index.php?rest_route=\/wp\/v2\/pages\/14"}],"collection":[{"href":"https:\/\/soie.elidee.dev\/index.php?rest_route=\/wp\/v2\/pages"}],"about":[{"href":"https:\/\/soie.elidee.dev\/index.php?rest_route=\/wp\/v2\/types\/page"}],"author":[{"embeddable":true,"href":"https:\/\/soie.elidee.dev\/index.php?rest_route=\/wp\/v2\/users\/1"}],"replies":[{"embeddable":true,"href":"https:\/\/soie.elidee.dev\/index.php?rest_route=%2Fwp%2Fv2%2Fcomments&post=14"}],"version-history":[{"count":0,"href":"https:\/\/soie.elidee.dev\/index.php?rest_route=\/wp\/v2\/pages\/14\/revisions"}],"wp:attachment":[{"href":"https:\/\/soie.elidee.dev\/index.php?rest_route=%2Fwp%2Fv2%2Fmedia&parent=14"}],"curies":[{"name":"wp","href":"https:\/\/api.w.org\/{rel}","templated":true}]}}