{"id":13,"date":"2007-10-10T18:29:10","date_gmt":"2007-10-10T16:29:10","guid":{"rendered":"http:\/\/web84.javanais.net\/?page_id=13"},"modified":"2013-11-22T13:48:20","modified_gmt":"2013-11-22T11:48:20","slug":"3ieme","status":"publish","type":"page","link":"https:\/\/soie.elidee.dev\/?page_id=13","title":{"rendered":"[lang_fr]Afin &#8230;[\/lang_fr] [lang_en] long term partner[\/lang_en]"},"content":{"rendered":"<p><font color=\"#000080\"><strong>[lang_fr]<\/strong><\/font><font color=\"#000080\"><strong><img decoding=\"async\" src=\"\/wp-content\/bandeau_difference_3.gif\" \/><\/strong><\/font><\/p>\n<p><font color=\"#000080\"><strong>Sur la base d\u2019un premier v\u00e9cu en commun, nous vous proposons de vous aider \u00e0 vous structurer<\/strong><br \/>\n<\/font>Lors du premier chantier d&rsquo;IE, nous avons \u00e0 la fois d\u00e9velopp\u00e9 \u00e0 la fois une <strong>compr\u00e9hension intime de votre entreprise et de son organisation au quotidien <\/strong>et d\u00e9tect\u00e9 les aptitudes des uns et des autres \u2026Nous sommes <strong>en mesure de<\/strong> vous proposer de <strong>structurer la fonction IE<\/strong>\u00a0(collecte automatis\u00e9e, animation dispositif IE, remont\u00e9es d&rsquo;information, coaching &#8230;) ou la <strong>fonction marketing adapt\u00e9e<\/strong>.<\/p>\n<p><font color=\"#000080\"><strong>Nous restons votre partenaire privil\u00e9gi\u00e9 dans la dur\u00e9e<\/strong><br \/>\n<\/font><strong>Nous restons en contact r\u00e9gulier<\/strong> de mani\u00e8re \u00e0 suivre la r\u00e9alisation, les retomb\u00e9es r\u00e9elles et nous suivons le d\u00e9veloppement de votre entreprise. <strong>Vous faites appel \u00e0 nous selon vos besoins<\/strong> : nous vous faisons <strong>monter en puissance<\/strong> ou nous vous aidons \u00e0 <strong>r\u00e9agir au pied lev\u00e9<\/strong> en cas de coup dur (attaque concurrentielle, malveillance, rumeur&#8230;)<\/p>\n<p><font color=\"#000080\"><strong>Nous vous accompagnons m\u00eame dans cette p\u00e9riode de turbulence extr\u00eame !<br \/>\n<\/strong><\/font><font color=\"#000000\"><font color=\"#333333\">Associant nos comp\u00e9tences en <strong>intelligence \u00e9conomique, financi\u00e8re &amp; sociale<\/strong>, nous vous proposons <strong>une assistance technique\u00a0de crise<\/strong><\/font>. <font color=\"#333333\">Consultez nous et d\u00e9couvrez\u00a0notre <\/font><a href=\"http:\/\/www.sudouest-ie.fr\/?p=82\"><font color=\"#333333\"><strong>m\u00e9thode d&rsquo;accompagnement<\/strong>\u00a0<\/font><\/a><strong><font color=\"#333333\">pour vous aider \u00e0 sortir de cette situation critique et\u00a0rebondir.<\/font> [\/lang_fr]<\/strong><\/font><\/p>\n<p>[lang_en]<\/p>\n<p><img decoding=\"async\" src=\"http:\/\/www.sudouest-ie.fr\/wp-content\/bandeau_difference_3-en.gif\" \/><br \/>\nAfter our first project together, we will have developed a <strong>thorough comprehension <\/strong>of your company and your organisation. We can <strong>design your specific French business intelligence system<\/strong> (automatic crawl + human investigation).<\/p>\n<p>As your partner we will report to you regularly debrief with you frequently and optimise your watch plan whenever necessary<br \/>\nWe are your local partner.<\/p>\n<p>The longer we work together the easier it will become to enhance the potential of our partnership. As partners we are at your service to drive your project in France and help your reactivity in case of threats or turbulence on the French market (new innovative player, new lobbying pressure, unfair communication on your company \u2026)<br \/>\n[\/lang_en]<\/p>\n","protected":false},"excerpt":{"rendered":"<p>[lang_fr] Sur la base d\u2019un premier v\u00e9cu en commun, nous vous proposons de vous aider \u00e0 vous structurer Lors du premier chantier d&rsquo;IE, nous avons \u00e0 la fois d\u00e9velopp\u00e9 \u00e0 la fois une compr\u00e9hension intime de votre entreprise et de son organisation au quotidien et d\u00e9tect\u00e9 les aptitudes des uns et des autres \u2026Nous sommes [&hellip;]<\/p>\n","protected":false},"author":1,"featured_media":0,"parent":9,"menu_order":3,"comment_status":"open","ping_status":"open","template":"","meta":{"footnotes":""},"_links":{"self":[{"href":"https:\/\/soie.elidee.dev\/index.php?rest_route=\/wp\/v2\/pages\/13"}],"collection":[{"href":"https:\/\/soie.elidee.dev\/index.php?rest_route=\/wp\/v2\/pages"}],"about":[{"href":"https:\/\/soie.elidee.dev\/index.php?rest_route=\/wp\/v2\/types\/page"}],"author":[{"embeddable":true,"href":"https:\/\/soie.elidee.dev\/index.php?rest_route=\/wp\/v2\/users\/1"}],"replies":[{"embeddable":true,"href":"https:\/\/soie.elidee.dev\/index.php?rest_route=%2Fwp%2Fv2%2Fcomments&post=13"}],"version-history":[{"count":0,"href":"https:\/\/soie.elidee.dev\/index.php?rest_route=\/wp\/v2\/pages\/13\/revisions"}],"up":[{"embeddable":true,"href":"https:\/\/soie.elidee.dev\/index.php?rest_route=\/wp\/v2\/pages\/9"}],"wp:attachment":[{"href":"https:\/\/soie.elidee.dev\/index.php?rest_route=%2Fwp%2Fv2%2Fmedia&parent=13"}],"curies":[{"name":"wp","href":"https:\/\/api.w.org\/{rel}","templated":true}]}}