{"id":12,"date":"2007-10-10T18:23:20","date_gmt":"2007-10-10T16:23:20","guid":{"rendered":"http:\/\/web84.javanais.net\/?page_id=12"},"modified":"2013-11-22T13:47:53","modified_gmt":"2013-11-22T11:47:53","slug":"2ieme","status":"publish","type":"page","link":"https:\/\/soie.elidee.dev\/?page_id=12","title":{"rendered":"[lang_fr]Ainsi &#8230;[\/lang_fr] [lang_en] adapted approach[\/lang_en]"},"content":{"rendered":"<p><strong><font color=\"#000080\">[lang_fr]<\/font><\/strong><strong><font color=\"#000080\"><img decoding=\"async\" src=\"\/wp-content\/bandeau_difference_2.gif\" \/><\/font><\/strong><\/p>\n<p><strong><font color=\"#000080\">Nous privil\u00e9gions l\u2019approche projet<\/font>.<br \/>\n<\/strong>Nous nous mobilisons pour, qu\u2019avec votre \u00e9quipe, les d\u00e9lais soient tenus. Nous agissons en tant que chef projet et apportons, au-del\u00e0 de nos outils, un <strong>\u0153il neuf, de la cr\u00e9ativit\u00e9, du coaching<\/strong> plus individuel &#8230; essentiels pour concr\u00e9tiser ensemble.<\/p>\n<p><strong><font color=\"#000080\">Nous optons pour des missions de \u00ab formations actions \u00bb au sein de l&rsquo;\u00e9quipe ou d&rsquo;assistante technique au dirigeant<br \/>\n<\/font><\/strong>Concr\u00e8tement nous livrons les outils et pratiques au fur et \u00e0 mesure des avanc\u00e9es du groupe. Nous sommes les <strong>garants de l\u2019avanc\u00e9e<\/strong> des r\u00e9flexions autour des <strong>dossiers d&rsquo;IE,<\/strong> comme dans les phases de<strong> n\u00e9gociation avec les tiers de l&rsquo;entreprise\u00a0&#8230;<\/strong><\/p>\n<p><font color=\"#000080\"><strong>Nous vous relayons sur des difficult\u00e9s techniques ou d\u2019ordre strat\u00e9gique<\/strong><br \/>\n<\/font>Nous g\u00e9rons pour vous l\u2019acc\u00e8s \u00e0 certaines sources d\u2019informations techniques, nous vous proposons des formes d\u2019externalisation lorsqu\u2019elles sont bien adapt\u00e9es en qualit\u00e9 et en co\u00fbt. Nous effectuons pour vous certains <strong>travaux d&rsquo; investigation terrain <\/strong>pour lesquels il est pr\u00e9f\u00e9rable que votre entreprise n\u2019apparaisse pas (dans le cadre de la d\u00e9ontologie de l\u2019IE et donc dans le respect de la loi).<\/p>\n<p><font color=\"#000080\"><strong>Parce que nous sommes aussi une PME<\/strong><br \/>\n<\/font><strong>Nos approches sont dimensionn\u00e9es pour les PMEs<\/strong> \u2026 pour ne pas retarder votre d\u00e9veloppement pour des probl\u00e8mes de budget.[\/lang_fr]<\/p>\n<p>[lang_en]<\/p>\n<p><img decoding=\"async\" src=\"http:\/\/www.sudouest-ie.fr\/wp-content\/bandeau_difference_2-en.gif\" \/><\/p>\n<p>We have developed know-how regarding both the French private and public sectors. <strong>We design well adapted approaches for your industrial needs the well adapted approach in this so complicated market! <\/strong>We will help you to undersand French administrative rules, business psychology and behaviour, the hidden keys to market entrance\u2026<\/p>\n<p>We help you redefine our needs for your project and adapt our contribution to that you achieve your goals.<br \/>\nWe investigate for your in total respect of French law (business intelligence ethic). We gather information, interview sources and visit, debrief of key players, survey targets \u2026We bring you concrete sensitive information that gives add-value to your decision making. We access non protected information and provide you with the optimal available fair information. <strong>You remain irreproachable while exploiting the informational potential up to the legal limit.<\/strong> [\/lang_en]<\/p>\n","protected":false},"excerpt":{"rendered":"<p>[lang_fr] Nous privil\u00e9gions l\u2019approche projet. Nous nous mobilisons pour, qu\u2019avec votre \u00e9quipe, les d\u00e9lais soient tenus. Nous agissons en tant que chef projet et apportons, au-del\u00e0 de nos outils, un \u0153il neuf, de la cr\u00e9ativit\u00e9, du coaching plus individuel &#8230; essentiels pour concr\u00e9tiser ensemble. Nous optons pour des missions de \u00ab formations actions \u00bb au [&hellip;]<\/p>\n","protected":false},"author":1,"featured_media":0,"parent":9,"menu_order":2,"comment_status":"open","ping_status":"open","template":"","meta":{"footnotes":""},"_links":{"self":[{"href":"https:\/\/soie.elidee.dev\/index.php?rest_route=\/wp\/v2\/pages\/12"}],"collection":[{"href":"https:\/\/soie.elidee.dev\/index.php?rest_route=\/wp\/v2\/pages"}],"about":[{"href":"https:\/\/soie.elidee.dev\/index.php?rest_route=\/wp\/v2\/types\/page"}],"author":[{"embeddable":true,"href":"https:\/\/soie.elidee.dev\/index.php?rest_route=\/wp\/v2\/users\/1"}],"replies":[{"embeddable":true,"href":"https:\/\/soie.elidee.dev\/index.php?rest_route=%2Fwp%2Fv2%2Fcomments&post=12"}],"version-history":[{"count":0,"href":"https:\/\/soie.elidee.dev\/index.php?rest_route=\/wp\/v2\/pages\/12\/revisions"}],"up":[{"embeddable":true,"href":"https:\/\/soie.elidee.dev\/index.php?rest_route=\/wp\/v2\/pages\/9"}],"wp:attachment":[{"href":"https:\/\/soie.elidee.dev\/index.php?rest_route=%2Fwp%2Fv2%2Fmedia&parent=12"}],"curies":[{"name":"wp","href":"https:\/\/api.w.org\/{rel}","templated":true}]}}