{"id":10,"date":"2007-10-10T17:27:37","date_gmt":"2007-10-10T15:27:37","guid":{"rendered":"http:\/\/web84.javanais.net\/?page_id=10"},"modified":"2013-11-22T13:46:56","modified_gmt":"2013-11-22T11:46:56","slug":"1","status":"publish","type":"page","link":"https:\/\/soie.elidee.dev\/?page_id=10","title":{"rendered":"[lang_fr]concr\u00e8tement &#8230;[\/lang_fr] [lang_en] confidentiality [\/lang_en]"},"content":{"rendered":"<p><font color=\"#000080\"><font color=\"#000000\">[lang_fr]<\/font><\/font><font color=\"#000080\"><strong><img decoding=\"async\" src=\"\/wp-content\/bandeau_difference_1.gif\" \/><\/strong><\/font><\/p>\n<p><font color=\"#000080\"><strong>Nous n\u2019intervenons qu\u2019apr\u00e8s avoir d\u00e9fini votre objectif d\u2019entrepreneur et ainsi finaliser le sujet d&rsquo;IE, marketing ou votre besoin\u00a0d&rsquo;assistance technique.<\/strong><br \/>\n<\/font>Nous sommes quelques fois \u00ab un peu p\u00e9nible \u00bb lors de la d\u00e9finition de votre objectif d&rsquo;IE car nous avons, \u00e9galement\u00a0sur ce th\u00e8me,\u00a0vraiment besoin de quantifier les enjeux li\u00e9s. <strong>Nous refusons\u00a0de mettre en place des dispositifs de veille qui collectent pour collecter ! <\/strong><\/p>\n<p><strong><font color=\"#000080\">Nous vous assurons l\u2019enti\u00e8re confidentialit\u00e9 et, ce, d\u00e8s les premiers \u00e9changes sensibles<\/font><br \/>\n<\/strong>Nous appliquons en cela la d\u00e9ontologie de notre m\u00e9tier. Nous nous engageons sur un <strong>accord de secret.<\/strong><\/p>\n<p><strong><font color=\"#000080\">Nous instaurons la co-traitance avec vous-m\u00eame et vos \u00e9quipes<br \/>\n<\/font><\/strong>Nous r\u00e9alisons ensemble car c\u2019est dans <strong>l\u2019alchimie des hommes de m\u00e9tiers (vous) et des hommes de m\u00e9thode (nous)<\/strong> que nous exploiterons et collecterons\/prot\u00e9geons\u00a0au mieux l\u2019information n\u00e9cessaire \u00e0 votre d\u00e9veloppement.<\/p>\n<p>[\/lang_fr]<\/p>\n<p>[lang_en]<\/p>\n<p><img decoding=\"async\" src=\"http:\/\/www.sudouest-ie.fr\/wp-content\/difference_1-en1.gif\" \/><\/p>\n<p>We guarantee you a total confidentiality, even during the first discussion. As business intelligence professionals we are <strong>extremely committed to maintaining industrial discretion<\/strong>. <strong><font color=\"#000080\">We know that the information we exchange is key for your competitiveness<\/font><\/strong>. That is why we recommend you deal with a small private partner in order to avoid dissemination.<\/p>\n<p>Even before beginning to discuss your project, we signe confidentially agreement (see contact page procedure). Then, as we are certified by the F\u00e9pie, if you choose to work with us further, our contract includes complementary confidentially<\/p>\n<p>We work closely with you and your team. We know that it is important to <strong>create synergy between your business know how and our cultural savoir-faire<\/strong>. The more information we collect, the easier it becomes to the better we are able to deliver even more critical intelligence for your project development<br \/>\n[\/lang_en]<\/p>\n","protected":false},"excerpt":{"rendered":"<p>[lang_fr] Nous n\u2019intervenons qu\u2019apr\u00e8s avoir d\u00e9fini votre objectif d\u2019entrepreneur et ainsi finaliser le sujet d&rsquo;IE, marketing ou votre besoin\u00a0d&rsquo;assistance technique. Nous sommes quelques fois \u00ab un peu p\u00e9nible \u00bb lors de la d\u00e9finition de votre objectif d&rsquo;IE car nous avons, \u00e9galement\u00a0sur ce th\u00e8me,\u00a0vraiment besoin de quantifier les enjeux li\u00e9s. Nous refusons\u00a0de mettre en place des [&hellip;]<\/p>\n","protected":false},"author":1,"featured_media":0,"parent":9,"menu_order":1,"comment_status":"open","ping_status":"open","template":"","meta":{"footnotes":""},"_links":{"self":[{"href":"https:\/\/soie.elidee.dev\/index.php?rest_route=\/wp\/v2\/pages\/10"}],"collection":[{"href":"https:\/\/soie.elidee.dev\/index.php?rest_route=\/wp\/v2\/pages"}],"about":[{"href":"https:\/\/soie.elidee.dev\/index.php?rest_route=\/wp\/v2\/types\/page"}],"author":[{"embeddable":true,"href":"https:\/\/soie.elidee.dev\/index.php?rest_route=\/wp\/v2\/users\/1"}],"replies":[{"embeddable":true,"href":"https:\/\/soie.elidee.dev\/index.php?rest_route=%2Fwp%2Fv2%2Fcomments&post=10"}],"version-history":[{"count":0,"href":"https:\/\/soie.elidee.dev\/index.php?rest_route=\/wp\/v2\/pages\/10\/revisions"}],"up":[{"embeddable":true,"href":"https:\/\/soie.elidee.dev\/index.php?rest_route=\/wp\/v2\/pages\/9"}],"wp:attachment":[{"href":"https:\/\/soie.elidee.dev\/index.php?rest_route=%2Fwp%2Fv2%2Fmedia&parent=10"}],"curies":[{"name":"wp","href":"https:\/\/api.w.org\/{rel}","templated":true}]}}